{"id":8045,"date":"2023-09-04T17:29:14","date_gmt":"2023-09-04T17:29:14","guid":{"rendered":"https:\/\/cosbrasil.com.br\/website\/?page_id=8045"},"modified":"2024-04-09T14:06:45","modified_gmt":"2024-04-09T14:06:45","slug":"linha-olhos-2","status":"publish","type":"page","link":"https:\/\/cosbrasil.com.br\/website\/linha-olhos-2\/","title":{"rendered":"Linha Facial"},"content":{"rendered":"\t\t<div data-elementor-type=\"wp-page\" data-elementor-id=\"8045\" class=\"elementor elementor-8045\">\n\t\t\t\t\t\t<section class=\"elementor-section elementor-top-section elementor-element elementor-element-1ee17db elementor-section-full_width elementor-section-height-default elementor-section-height-default\" data-id=\"1ee17db\" data-element_type=\"section\">\n\t\t\t\t\t\t<div class=\"elementor-container elementor-column-gap-default\">\n\t\t\t\t\t<div class=\"elementor-column elementor-col-100 elementor-top-column elementor-element elementor-element-9252628\" data-id=\"9252628\" data-element_type=\"column\">\n\t\t\t<div class=\"elementor-widget-wrap elementor-element-populated\">\n\t\t\t\t\t\t<div class=\"elementor-element elementor-element-80a0221 elementor-widget elementor-widget-spacer\" data-id=\"80a0221\" data-element_type=\"widget\" data-widget_type=\"spacer.default\">\n\t\t\t\t<div class=\"elementor-widget-container\">\n\t\t\t<style>\/*! elementor - v3.20.0 - 26-03-2024 *\/\n.elementor-column .elementor-spacer-inner{height:var(--spacer-size)}.e-con{--container-widget-width:100%}.e-con-inner>.elementor-widget-spacer,.e-con>.elementor-widget-spacer{width:var(--container-widget-width,var(--spacer-size));--align-self:var(--container-widget-align-self,initial);--flex-shrink:0}.e-con-inner>.elementor-widget-spacer>.elementor-widget-container,.e-con>.elementor-widget-spacer>.elementor-widget-container{height:100%;width:100%}.e-con-inner>.elementor-widget-spacer>.elementor-widget-container>.elementor-spacer,.e-con>.elementor-widget-spacer>.elementor-widget-container>.elementor-spacer{height:100%}.e-con-inner>.elementor-widget-spacer>.elementor-widget-container>.elementor-spacer>.elementor-spacer-inner,.e-con>.elementor-widget-spacer>.elementor-widget-container>.elementor-spacer>.elementor-spacer-inner{height:var(--container-widget-height,var(--spacer-size))}.e-con-inner>.elementor-widget-spacer.elementor-widget-empty,.e-con>.elementor-widget-spacer.elementor-widget-empty{position:relative;min-height:22px;min-width:22px}.e-con-inner>.elementor-widget-spacer.elementor-widget-empty .elementor-widget-empty-icon,.e-con>.elementor-widget-spacer.elementor-widget-empty .elementor-widget-empty-icon{position:absolute;top:0;bottom:0;left:0;right:0;margin:auto;padding:0;width:22px;height:22px}<\/style>\t\t<div class=\"elementor-spacer\">\n\t\t\t<div class=\"elementor-spacer-inner\"><\/div>\n\t\t<\/div>\n\t\t\t\t<\/div>\n\t\t\t\t<\/div>\n\t\t\t\t<section class=\"elementor-section elementor-inner-section elementor-element elementor-element-4599e0a elementor-section-full_width elementor-section-height-default elementor-section-height-default\" data-id=\"4599e0a\" data-element_type=\"section\">\n\t\t\t\t\t\t<div class=\"elementor-container elementor-column-gap-default\">\n\t\t\t\t\t<div class=\"elementor-column elementor-col-33 elementor-inner-column elementor-element elementor-element-a34a40c\" data-id=\"a34a40c\" data-element_type=\"column\">\n\t\t\t<div class=\"elementor-widget-wrap elementor-element-populated\">\n\t\t\t\t\t\t<div class=\"elementor-element elementor-element-d36a9a6 elementor-position-top elementor-widget elementor-widget-image-box\" data-id=\"d36a9a6\" data-element_type=\"widget\" data-widget_type=\"image-box.default\">\n\t\t\t\t<div class=\"elementor-widget-container\">\n\t\t\t<style>\/*! elementor - v3.20.0 - 26-03-2024 *\/\n.elementor-widget-image-box .elementor-image-box-content{width:100%}@media (min-width:768px){.elementor-widget-image-box.elementor-position-left .elementor-image-box-wrapper,.elementor-widget-image-box.elementor-position-right .elementor-image-box-wrapper{display:flex}.elementor-widget-image-box.elementor-position-right .elementor-image-box-wrapper{text-align:right;flex-direction:row-reverse}.elementor-widget-image-box.elementor-position-left .elementor-image-box-wrapper{text-align:left;flex-direction:row}.elementor-widget-image-box.elementor-position-top .elementor-image-box-img{margin:auto}.elementor-widget-image-box.elementor-vertical-align-top .elementor-image-box-wrapper{align-items:flex-start}.elementor-widget-image-box.elementor-vertical-align-middle .elementor-image-box-wrapper{align-items:center}.elementor-widget-image-box.elementor-vertical-align-bottom .elementor-image-box-wrapper{align-items:flex-end}}@media (max-width:767px){.elementor-widget-image-box .elementor-image-box-img{margin-left:auto!important;margin-right:auto!important;margin-bottom:15px}}.elementor-widget-image-box .elementor-image-box-img{display:inline-block}.elementor-widget-image-box .elementor-image-box-title a{color:inherit}.elementor-widget-image-box .elementor-image-box-wrapper{text-align:center}.elementor-widget-image-box .elementor-image-box-description{margin:0}<\/style><div class=\"elementor-image-box-wrapper\"><figure class=\"elementor-image-box-img\"><img fetchpriority=\"high\" decoding=\"async\" width=\"617\" height=\"870\" src=\"https:\/\/cosbrasil.com.br\/website\/wp-content\/uploads\/2023\/09\/Blush-e-Contorno-Bastao.png\" class=\"attachment-full size-full wp-image-8059\" alt=\"\" srcset=\"https:\/\/cosbrasil.com.br\/website\/wp-content\/uploads\/2023\/09\/Blush-e-Contorno-Bastao.png 617w, https:\/\/cosbrasil.com.br\/website\/wp-content\/uploads\/2023\/09\/Blush-e-Contorno-Bastao-213x300.png 213w\" sizes=\"(max-width: 617px) 100vw, 617px\" \/><\/figure><div class=\"elementor-image-box-content\"><h3 class=\"elementor-image-box-title\">Blush e Contorno Facial Stick<\/h3><p class=\"elementor-image-box-description\">Ideal para criar a impress\u00e3o de profundidade na maquiagem, possui textura cremosa que proporciona efeito natural. <\/p><\/div><\/div>\t\t<\/div>\n\t\t\t\t<\/div>\n\t\t\t\t\t<\/div>\n\t\t<\/div>\n\t\t\t\t<div class=\"elementor-column elementor-col-33 elementor-inner-column elementor-element elementor-element-2f32b8b\" data-id=\"2f32b8b\" data-element_type=\"column\" data-settings=\"{&quot;background_background&quot;:&quot;classic&quot;}\">\n\t\t\t<div class=\"elementor-widget-wrap elementor-element-populated\">\n\t\t\t\t\t\t<div class=\"elementor-element elementor-element-87d63e0 elementor-widget elementor-widget-spacer\" data-id=\"87d63e0\" data-element_type=\"widget\" data-widget_type=\"spacer.default\">\n\t\t\t\t<div class=\"elementor-widget-container\">\n\t\t\t\t\t<div class=\"elementor-spacer\">\n\t\t\t<div class=\"elementor-spacer-inner\"><\/div>\n\t\t<\/div>\n\t\t\t\t<\/div>\n\t\t\t\t<\/div>\n\t\t\t\t\t<\/div>\n\t\t<\/div>\n\t\t\t\t<div class=\"elementor-column elementor-col-33 elementor-inner-column elementor-element elementor-element-83321c6\" data-id=\"83321c6\" data-element_type=\"column\">\n\t\t\t<div class=\"elementor-widget-wrap elementor-element-populated\">\n\t\t\t\t\t\t<div class=\"elementor-element elementor-element-0c3dbff elementor-position-top elementor-widget elementor-widget-image-box\" data-id=\"0c3dbff\" data-element_type=\"widget\" data-widget_type=\"image-box.default\">\n\t\t\t\t<div class=\"elementor-widget-container\">\n\t\t\t<div class=\"elementor-image-box-wrapper\"><figure class=\"elementor-image-box-img\"><img decoding=\"async\" width=\"315\" height=\"1064\" src=\"https:\/\/cosbrasil.com.br\/website\/wp-content\/uploads\/2023\/09\/iluminador.png\" class=\"attachment-full size-full wp-image-8061\" alt=\"\" srcset=\"https:\/\/cosbrasil.com.br\/website\/wp-content\/uploads\/2023\/09\/iluminador.png 315w, https:\/\/cosbrasil.com.br\/website\/wp-content\/uploads\/2023\/09\/iluminador-89x300.png 89w, https:\/\/cosbrasil.com.br\/website\/wp-content\/uploads\/2023\/09\/iluminador-303x1024.png 303w\" sizes=\"(max-width: 315px) 100vw, 315px\" \/><\/figure><div class=\"elementor-image-box-content\"><h3 class=\"elementor-image-box-title\"> Iluminador Facial<\/h3><p class=\"elementor-image-box-description\">Apont\u00e1vel 12mm\/  Super Stick\n<br>\nTextura cremosa de acabamento radiante, para uma pele luminosamente deslumbrante. Aplic\u00e1vel em diversas \u00e1reas como: arco do cupido dos l\u00e1bios, sob as sobrancelhas, parte superior das ma\u00e7\u00e3s do rosto  e  ponta  do  nariz.<\/p><\/div><\/div>\t\t<\/div>\n\t\t\t\t<\/div>\n\t\t\t\t\t<\/div>\n\t\t<\/div>\n\t\t\t\t\t<\/div>\n\t\t<\/section>\n\t\t\t\t\t<\/div>\n\t\t<\/div>\n\t\t\t\t\t<\/div>\n\t\t<\/section>\n\t\t\t\t<section class=\"elementor-section elementor-top-section elementor-element elementor-element-811ed5a elementor-section-full_width elementor-section-height-default elementor-section-height-default\" data-id=\"811ed5a\" data-element_type=\"section\" data-settings=\"{&quot;background_background&quot;:&quot;classic&quot;}\">\n\t\t\t\t\t\t<div class=\"elementor-container elementor-column-gap-default\">\n\t\t\t\t\t<div class=\"elementor-column elementor-col-100 elementor-top-column elementor-element elementor-element-1777ad9\" data-id=\"1777ad9\" data-element_type=\"column\">\n\t\t\t<div class=\"elementor-widget-wrap elementor-element-populated\">\n\t\t\t\t\t\t<section class=\"elementor-section elementor-inner-section elementor-element elementor-element-6814a3f elementor-section-boxed elementor-section-height-default elementor-section-height-default\" data-id=\"6814a3f\" data-element_type=\"section\" data-settings=\"{&quot;background_background&quot;:&quot;classic&quot;}\">\n\t\t\t\t\t\t<div class=\"elementor-container elementor-column-gap-default\">\n\t\t\t\t\t<div class=\"elementor-column elementor-col-100 elementor-inner-column elementor-element elementor-element-cfdcf36\" data-id=\"cfdcf36\" data-element_type=\"column\">\n\t\t\t<div class=\"elementor-widget-wrap elementor-element-populated\">\n\t\t\t\t\t\t<div class=\"elementor-element elementor-element-51a0dde elementor-widget elementor-widget-spacer\" data-id=\"51a0dde\" data-element_type=\"widget\" data-widget_type=\"spacer.default\">\n\t\t\t\t<div class=\"elementor-widget-container\">\n\t\t\t\t\t<div class=\"elementor-spacer\">\n\t\t\t<div class=\"elementor-spacer-inner\"><\/div>\n\t\t<\/div>\n\t\t\t\t<\/div>\n\t\t\t\t<\/div>\n\t\t\t\t<div class=\"elementor-element elementor-element-605ed91 elementor-widget elementor-widget-heading\" data-id=\"605ed91\" data-element_type=\"widget\" data-widget_type=\"heading.default\">\n\t\t\t\t<div class=\"elementor-widget-container\">\n\t\t\t<style>\/*! elementor - v3.20.0 - 26-03-2024 *\/\n.elementor-heading-title{padding:0;margin:0;line-height:1}.elementor-widget-heading .elementor-heading-title[class*=elementor-size-]>a{color:inherit;font-size:inherit;line-height:inherit}.elementor-widget-heading .elementor-heading-title.elementor-size-small{font-size:15px}.elementor-widget-heading .elementor-heading-title.elementor-size-medium{font-size:19px}.elementor-widget-heading .elementor-heading-title.elementor-size-large{font-size:29px}.elementor-widget-heading .elementor-heading-title.elementor-size-xl{font-size:39px}.elementor-widget-heading .elementor-heading-title.elementor-size-xxl{font-size:59px}<\/style><h2 class=\"elementor-heading-title elementor-size-default\">Corretivo Facial<\/h2>\t\t<\/div>\n\t\t\t\t<\/div>\n\t\t\t\t<div class=\"elementor-element elementor-element-47908cf elementor-widget elementor-widget-spacer\" data-id=\"47908cf\" data-element_type=\"widget\" data-widget_type=\"spacer.default\">\n\t\t\t\t<div class=\"elementor-widget-container\">\n\t\t\t\t\t<div class=\"elementor-spacer\">\n\t\t\t<div class=\"elementor-spacer-inner\"><\/div>\n\t\t<\/div>\n\t\t\t\t<\/div>\n\t\t\t\t<\/div>\n\t\t\t\t\t<\/div>\n\t\t<\/div>\n\t\t\t\t\t<\/div>\n\t\t<\/section>\n\t\t\t\t<section class=\"elementor-section elementor-inner-section elementor-element elementor-element-74aa8ab elementor-section-full_width elementor-section-content-middle elementor-section-height-default elementor-section-height-default\" data-id=\"74aa8ab\" data-element_type=\"section\" data-settings=\"{&quot;background_background&quot;:&quot;classic&quot;}\">\n\t\t\t\t\t\t<div class=\"elementor-container elementor-column-gap-default\">\n\t\t\t\t\t<div class=\"elementor-column elementor-col-33 elementor-inner-column elementor-element elementor-element-8b772dc\" data-id=\"8b772dc\" data-element_type=\"column\">\n\t\t\t<div class=\"elementor-widget-wrap elementor-element-populated\">\n\t\t\t\t\t\t<div class=\"elementor-element elementor-element-f8d3c6c elementor-position-top elementor-widget elementor-widget-image-box\" data-id=\"f8d3c6c\" data-element_type=\"widget\" data-widget_type=\"image-box.default\">\n\t\t\t\t<div class=\"elementor-widget-container\">\n\t\t\t<div class=\"elementor-image-box-wrapper\"><figure class=\"elementor-image-box-img\"><img decoding=\"async\" width=\"372\" height=\"600\" src=\"https:\/\/cosbrasil.com.br\/website\/wp-content\/uploads\/2023\/09\/Mockup-Corretivo-Liquido.png\" class=\"attachment-full size-full wp-image-8062\" alt=\"\" srcset=\"https:\/\/cosbrasil.com.br\/website\/wp-content\/uploads\/2023\/09\/Mockup-Corretivo-Liquido.png 372w, https:\/\/cosbrasil.com.br\/website\/wp-content\/uploads\/2023\/09\/Mockup-Corretivo-Liquido-186x300.png 186w\" sizes=\"(max-width: 372px) 100vw, 372px\" \/><\/figure><div class=\"elementor-image-box-content\"><h3 class=\"elementor-image-box-title\">Corretivo L\u00edquido<\/h3><p class=\"elementor-image-box-description\">De m\u00e9dia a alta cobertura e efeito matte, com sensa\u00e7\u00e3o suave, sua textura n\u00e3o pesa no rosto e n\u00e3o marca rugas ou linhas, mant\u00e9m o aspecto natural. <\/p><\/div><\/div>\t\t<\/div>\n\t\t\t\t<\/div>\n\t\t\t\t\t<\/div>\n\t\t<\/div>\n\t\t\t\t<div class=\"elementor-column elementor-col-33 elementor-inner-column elementor-element elementor-element-1942a05\" data-id=\"1942a05\" data-element_type=\"column\" data-settings=\"{&quot;background_background&quot;:&quot;classic&quot;}\">\n\t\t\t<div class=\"elementor-widget-wrap elementor-element-populated\">\n\t\t\t\t\t\t<div class=\"elementor-element elementor-element-8713e0d elementor-widget elementor-widget-spacer\" data-id=\"8713e0d\" data-element_type=\"widget\" data-widget_type=\"spacer.default\">\n\t\t\t\t<div class=\"elementor-widget-container\">\n\t\t\t\t\t<div class=\"elementor-spacer\">\n\t\t\t<div class=\"elementor-spacer-inner\"><\/div>\n\t\t<\/div>\n\t\t\t\t<\/div>\n\t\t\t\t<\/div>\n\t\t\t\t\t<\/div>\n\t\t<\/div>\n\t\t\t\t<div class=\"elementor-column elementor-col-33 elementor-inner-column elementor-element elementor-element-3106bb7\" data-id=\"3106bb7\" data-element_type=\"column\">\n\t\t\t<div class=\"elementor-widget-wrap elementor-element-populated\">\n\t\t\t\t\t\t<div class=\"elementor-element elementor-element-a5bd919 elementor-position-top elementor-widget elementor-widget-image-box\" data-id=\"a5bd919\" data-element_type=\"widget\" data-widget_type=\"image-box.default\">\n\t\t\t\t<div class=\"elementor-widget-container\">\n\t\t\t<div class=\"elementor-image-box-wrapper\"><figure class=\"elementor-image-box-img\"><img loading=\"lazy\" decoding=\"async\" width=\"1300\" height=\"1300\" src=\"https:\/\/cosbrasil.com.br\/website\/wp-content\/uploads\/2023\/09\/corretivo-stick.png\" class=\"attachment-full size-full wp-image-8063\" alt=\"\" srcset=\"https:\/\/cosbrasil.com.br\/website\/wp-content\/uploads\/2023\/09\/corretivo-stick.png 1300w, https:\/\/cosbrasil.com.br\/website\/wp-content\/uploads\/2023\/09\/corretivo-stick-300x300.png 300w, https:\/\/cosbrasil.com.br\/website\/wp-content\/uploads\/2023\/09\/corretivo-stick-1024x1024.png 1024w, https:\/\/cosbrasil.com.br\/website\/wp-content\/uploads\/2023\/09\/corretivo-stick-150x150.png 150w, https:\/\/cosbrasil.com.br\/website\/wp-content\/uploads\/2023\/09\/corretivo-stick-768x768.png 768w, https:\/\/cosbrasil.com.br\/website\/wp-content\/uploads\/2023\/09\/corretivo-stick-600x600.png 600w, https:\/\/cosbrasil.com.br\/website\/wp-content\/uploads\/2023\/09\/corretivo-stick-1120x1120.png 1120w\" sizes=\"(max-width: 1300px) 100vw, 1300px\" \/><\/figure><div class=\"elementor-image-box-content\"><h3 class=\"elementor-image-box-title\">Corretivo Stick <\/h3><p class=\"elementor-image-box-description\">O Corretivo em formato stick permite constru\u00e7\u00e3o de camadas, sem acumular, camufla as olheiras, imperfei\u00e7\u00f5es e linhas de express\u00e3o.<\/p><\/div><\/div>\t\t<\/div>\n\t\t\t\t<\/div>\n\t\t\t\t\t<\/div>\n\t\t<\/div>\n\t\t\t\t\t<\/div>\n\t\t<\/section>\n\t\t\t\t<section class=\"elementor-section elementor-inner-section elementor-element elementor-element-27be2fe elementor-section-boxed elementor-section-height-default elementor-section-height-default\" data-id=\"27be2fe\" data-element_type=\"section\">\n\t\t\t\t\t\t<div class=\"elementor-container elementor-column-gap-default\">\n\t\t\t\t\t<div class=\"elementor-column elementor-col-100 elementor-inner-column elementor-element elementor-element-66a5e74\" data-id=\"66a5e74\" data-element_type=\"column\">\n\t\t\t<div class=\"elementor-widget-wrap elementor-element-populated\">\n\t\t\t\t\t\t<div class=\"elementor-element elementor-element-e2694d4 elementor-widget elementor-widget-spacer\" data-id=\"e2694d4\" data-element_type=\"widget\" data-widget_type=\"spacer.default\">\n\t\t\t\t<div class=\"elementor-widget-container\">\n\t\t\t\t\t<div class=\"elementor-spacer\">\n\t\t\t<div class=\"elementor-spacer-inner\"><\/div>\n\t\t<\/div>\n\t\t\t\t<\/div>\n\t\t\t\t<\/div>\n\t\t\t\t\t<\/div>\n\t\t<\/div>\n\t\t\t\t\t<\/div>\n\t\t<\/section>\n\t\t\t\t<section class=\"elementor-section elementor-inner-section elementor-element elementor-element-434f7dd elementor-section-full_width elementor-section-height-default elementor-section-height-default\" data-id=\"434f7dd\" data-element_type=\"section\" data-settings=\"{&quot;background_background&quot;:&quot;classic&quot;}\">\n\t\t\t\t\t\t<div class=\"elementor-container elementor-column-gap-default\">\n\t\t\t\t\t<div class=\"elementor-column elementor-col-33 elementor-inner-column elementor-element elementor-element-e8eb594\" data-id=\"e8eb594\" data-element_type=\"column\">\n\t\t\t<div class=\"elementor-widget-wrap elementor-element-populated\">\n\t\t\t\t\t\t<div class=\"elementor-element elementor-element-e3c67a9 elementor-position-top elementor-widget elementor-widget-image-box\" data-id=\"e3c67a9\" data-element_type=\"widget\" data-widget_type=\"image-box.default\">\n\t\t\t\t<div class=\"elementor-widget-container\">\n\t\t\t<div class=\"elementor-image-box-wrapper\"><figure class=\"elementor-image-box-img\"><img loading=\"lazy\" decoding=\"async\" width=\"467\" height=\"496\" src=\"https:\/\/cosbrasil.com.br\/website\/wp-content\/uploads\/2023\/09\/demaliqunate.png\" class=\"attachment-full size-full wp-image-8066\" alt=\"\" srcset=\"https:\/\/cosbrasil.com.br\/website\/wp-content\/uploads\/2023\/09\/demaliqunate.png 467w, https:\/\/cosbrasil.com.br\/website\/wp-content\/uploads\/2023\/09\/demaliqunate-282x300.png 282w\" sizes=\"(max-width: 467px) 100vw, 467px\" \/><\/figure><div class=\"elementor-image-box-content\"><h3 class=\"elementor-image-box-title\">Demaquilante Linha Bast\u00e3o<\/h3><p class=\"elementor-image-box-description\">Disponivel nas embalagens: Apont\u00e1vel 8mm\/  Apont\u00e1vel 12mm\/  Stick \/ Super Stick<\/p><\/div><\/div>\t\t<\/div>\n\t\t\t\t<\/div>\n\t\t\t\t\t<\/div>\n\t\t<\/div>\n\t\t\t\t<div class=\"elementor-column elementor-col-33 elementor-inner-column elementor-element elementor-element-30eda47\" data-id=\"30eda47\" data-element_type=\"column\" data-settings=\"{&quot;background_background&quot;:&quot;classic&quot;}\">\n\t\t\t<div class=\"elementor-widget-wrap elementor-element-populated\">\n\t\t\t\t\t\t<div class=\"elementor-element elementor-element-0dbb55b elementor-widget elementor-widget-spacer\" data-id=\"0dbb55b\" data-element_type=\"widget\" data-widget_type=\"spacer.default\">\n\t\t\t\t<div class=\"elementor-widget-container\">\n\t\t\t\t\t<div class=\"elementor-spacer\">\n\t\t\t<div class=\"elementor-spacer-inner\"><\/div>\n\t\t<\/div>\n\t\t\t\t<\/div>\n\t\t\t\t<\/div>\n\t\t\t\t\t<\/div>\n\t\t<\/div>\n\t\t\t\t<div class=\"elementor-column elementor-col-33 elementor-inner-column elementor-element elementor-element-e3e17db\" data-id=\"e3e17db\" data-element_type=\"column\">\n\t\t\t<div class=\"elementor-widget-wrap elementor-element-populated\">\n\t\t\t\t\t\t<div class=\"elementor-element elementor-element-024fc5d elementor-position-top elementor-widget elementor-widget-image-box\" data-id=\"024fc5d\" data-element_type=\"widget\" data-widget_type=\"image-box.default\">\n\t\t\t\t<div class=\"elementor-widget-container\">\n\t\t\t<div class=\"elementor-image-box-wrapper\"><figure class=\"elementor-image-box-img\"><img loading=\"lazy\" decoding=\"async\" width=\"418\" height=\"465\" src=\"https:\/\/cosbrasil.com.br\/website\/wp-content\/uploads\/2023\/09\/womann.png\" class=\"attachment-full size-full wp-image-8068\" alt=\"\" srcset=\"https:\/\/cosbrasil.com.br\/website\/wp-content\/uploads\/2023\/09\/womann.png 418w, https:\/\/cosbrasil.com.br\/website\/wp-content\/uploads\/2023\/09\/womann-270x300.png 270w\" sizes=\"(max-width: 418px) 100vw, 418px\" \/><\/figure><div class=\"elementor-image-box-content\"><h3 class=\"elementor-image-box-title\"> Iluminador Facial<\/h3><p class=\"elementor-image-box-description\">Solu\u00e7\u00e3o micelar hidratante. Higiene sem enx\u00e1gue para todos os tipos de pele, principalmente peles secas e desidratadas. Limpa, demaquila, hidrata e suaviza a pele. <\/p><\/div><\/div>\t\t<\/div>\n\t\t\t\t<\/div>\n\t\t\t\t\t<\/div>\n\t\t<\/div>\n\t\t\t\t\t<\/div>\n\t\t<\/section>\n\t\t\t\t\t<\/div>\n\t\t<\/div>\n\t\t\t\t\t<\/div>\n\t\t<\/section>\n\t\t\t\t<\/div>\n\t\t","protected":false},"excerpt":{"rendered":"<p>Blush e Contorno Facial Stick Ideal para criar a impress\u00e3o de profundidade na maquiagem, possui textura cremosa que proporciona efeito natural. Iluminador Facial Apont\u00e1vel 12mm\/ Super Stick Textura cremosa de acabamento radiante, para uma pele luminosamente deslumbrante. Aplic\u00e1vel em diversas \u00e1reas como: arco do cupido dos l\u00e1bios, sob as sobrancelhas, parte superior das ma\u00e7\u00e3s do [&hellip;]<\/p>\n","protected":false},"author":1,"featured_media":0,"parent":0,"menu_order":0,"comment_status":"closed","ping_status":"closed","template":"elementor_header_footer","meta":{"footnotes":""},"_links":{"self":[{"href":"https:\/\/cosbrasil.com.br\/website\/wp-json\/wp\/v2\/pages\/8045"}],"collection":[{"href":"https:\/\/cosbrasil.com.br\/website\/wp-json\/wp\/v2\/pages"}],"about":[{"href":"https:\/\/cosbrasil.com.br\/website\/wp-json\/wp\/v2\/types\/page"}],"author":[{"embeddable":true,"href":"https:\/\/cosbrasil.com.br\/website\/wp-json\/wp\/v2\/users\/1"}],"replies":[{"embeddable":true,"href":"https:\/\/cosbrasil.com.br\/website\/wp-json\/wp\/v2\/comments?post=8045"}],"version-history":[{"count":11,"href":"https:\/\/cosbrasil.com.br\/website\/wp-json\/wp\/v2\/pages\/8045\/revisions"}],"predecessor-version":[{"id":8105,"href":"https:\/\/cosbrasil.com.br\/website\/wp-json\/wp\/v2\/pages\/8045\/revisions\/8105"}],"wp:attachment":[{"href":"https:\/\/cosbrasil.com.br\/website\/wp-json\/wp\/v2\/media?parent=8045"}],"curies":[{"name":"wp","href":"https:\/\/api.w.org\/{rel}","templated":true}]}}