{"id":7747,"date":"2017-05-12T19:29:56","date_gmt":"2017-05-12T19:29:56","guid":{"rendered":"https:\/\/cosbrasil.com.br\/website\/?page_id=7747"},"modified":"2017-08-03T18:17:56","modified_gmt":"2017-08-03T18:17:56","slug":"customizados","status":"publish","type":"page","link":"https:\/\/cosbrasil.com.br\/website\/customizados\/","title":{"rendered":"Customizados"},"content":{"rendered":"<div class=\"wpb-content-wrapper\"><p>[vc_row section_type=&#8221;fullwidth-element&#8221; flex_height=&#8221;yes&#8221; header_feature=&#8221;yes&#8221; padding_top=&#8221;0&#8243; padding_bottom=&#8221;0&#8243;][vc_column css=&#8221;.vc_custom_1488455790747{padding-top: 5% !important;padding-bottom: 4% !important;}&#8221;][\/vc_column][\/vc_row][vc_row section_type=&#8221;fullwidth-element&#8221; flex_height=&#8221;yes&#8221; header_feature=&#8221;yes&#8221; padding_top=&#8221;0&#8243; padding_bottom=&#8221;0&#8243;][vc_column][vc_row_inner css=&#8221;.vc_custom_1478797648220{margin-top: 0px !important;border-top-width: 0px !important;padding-top: 0px !important;background-position: center !important;background-repeat: no-repeat !important;background-size: cover !important;}&#8221;][vc_column_inner width=&#8221;1\/6&#8243; css=&#8221;.vc_custom_1488466795603{padding-top: 0px !important;padding-right: 8% !important;padding-bottom: 0px !important;padding-left: 8% !important;background-color: #ffffff !important;background-position: center !important;background-repeat: no-repeat !important;background-size: cover !important;}&#8221;][\/vc_column_inner][vc_column_inner width=&#8221;2\/3&#8243; css=&#8221;.vc_custom_1488466810005{padding-top: 0px !important;padding-right: 8% !important;padding-bottom: 0px !important;padding-left: 8% !important;background-color: #ffffff !important;}&#8221;][vc_column_text animation=&#8221;fadeInDown&#8221; animation_delay=&#8221;400&#8243;]<\/p>\n<h2 style=\"text-align: center;\"><span style=\"color: #006042;\">PRODUTOS CUSTOMIZADOS \/ CUSTOMIZATION<\/span><\/h2>\n<p>[\/vc_column_text][vc_empty_space height=&#8221;40&#8243;][\/vc_column_inner][vc_column_inner width=&#8221;1\/6&#8243;][\/vc_column_inner][\/vc_row_inner][vc_row_inner][vc_column_inner width=&#8221;1\/2&#8243;][vc_column_text animation=&#8221;fadeInLeft&#8221; animation_delay=&#8221;400&#8243;]<img fetchpriority=\"high\" decoding=\"async\" class=\"size-full wp-image-7804 aligncenter\" src=\"https:\/\/cosbrasil.com.br\/website\/wp-content\/uploads\/2017\/05\/detalhes.png\" alt=\"\" width=\"487\" height=\"199\" srcset=\"https:\/\/cosbrasil.com.br\/website\/wp-content\/uploads\/2017\/05\/detalhes.png 487w, https:\/\/cosbrasil.com.br\/website\/wp-content\/uploads\/2017\/05\/detalhes-300x123.png 300w\" sizes=\"(max-width: 487px) 100vw, 487px\" \/>[\/vc_column_text][\/vc_column_inner][vc_column_inner width=&#8221;1\/2&#8243; css=&#8221;.vc_custom_1495113995192{border-right-width: 10% !important;border-left-width: 10% !important;padding-right: 10% !important;padding-left: 0px !important;}&#8221;][vc_empty_space height=&#8221;20&#8243;][vc_column_text animation=&#8221;fadeInDown&#8221; animation_delay=&#8221;400&#8243;]<\/p>\n<h3 style=\"text-align: left;\"><span style=\"color: #808080;\">Linha de produtos desenvolvidos de acordo com a necessidade espec\u00edfica de cada marca envolvendo desde o cosm\u00e9tico at\u00e9 a embalagem, desta maneira visando grandes volumes com prazo determinado para cada projeto.<\/span><\/h3>\n<p>[\/vc_column_text][\/vc_column_inner][\/vc_row_inner][vc_row_inner][vc_column_inner][vc_empty_space height=&#8221;100&#8243;][twenty20 direction=&#8221;vertical&#8221; offset=&#8221;0.2&#8243; img1=&#8221;7813&#8243; img2=&#8221;7814&#8243;][\/vc_column_inner][\/vc_row_inner][\/vc_column][\/vc_row][vc_row section_type=&#8221;fullwidth-element&#8221; flex_height=&#8221;yes&#8221; header_feature=&#8221;yes&#8221; padding_top=&#8221;0&#8243; padding_bottom=&#8221;0&#8243; margin_bottom=&#8221;0&#8243;][vc_column][vc_row_inner css=&#8221;.vc_custom_1474576314790{background-position: center !important;background-repeat: no-repeat !important;background-size: cover !important;}&#8221;][vc_column_inner css=&#8221;.vc_custom_1488467712305{padding-top: 5% !important;padding-right: 3% !important;padding-bottom: 5% !important;padding-left: 3% !important;background-color: #a5a5a5 !important;background-position: center !important;background-repeat: no-repeat !important;background-size: cover !important;}&#8221;]<div class=\"eut-element eut-align-center eut-animated-item eut-fadeIn\" data-delay=\"200\"><a class=\"eut-btn eut-btn-large eut-square eut-bg-primary-3 eut-btn-line\" href=\"https:\/\/cosbrasil.com.br\/website\/fale-conosco\/\" target=\"_self\" style=\"\"><span>FALE CONOSCO<\/span><\/a><\/div>[\/vc_column_inner][\/vc_row_inner][\/vc_column][\/vc_row][vc_row section_type=&#8221;fullwidth-element&#8221; flex_height=&#8221;yes&#8221;][vc_column css=&#8221;.vc_custom_1487807406181{padding-top: 5% !important;padding-bottom: 2% !important;}&#8221;][vc_empty_space height=&#8221;10&#8243;]\t\t\t<div class=\"eut-element eut-social eut-align-center eut-animated-item eut-fadeInUp\" style=\"\" data-delay=\"200\">\r\n\t\t\t\t<ul>\r\n\r\n\t\t\t\t\t\t\t\t\t\t<li><a href=\"https:\/\/cosbrasil.com.br\/website\/customizados\/\" title=\"Customizados\" class=\"eut-large eut-square eut-outline eut-bg-primary-2 eut-social-share-facebook\"><i class=\"fa fa-facebook\"><\/i><\/a><\/li>\r\n\t\t\t\t\t\t\t\t\t\t\t\t\t\t\t\t\t\t\t\t<li><a href=\"https:\/\/cosbrasil.com.br\/website\/customizados\/\" title=\"Customizados\" class=\"eut-large eut-square eut-outline eut-bg-primary-2 eut-social-share-linkedin\"><i class=\"fa fa-linkedin\"><\/i><\/a><\/li>\r\n\t\t\t\t\t\t\t\t\t\t\r\n\t\t\t\t\t\t\t\t\t\t<li><a href=\"#\" class=\"eut-large eut-square eut-outline eut-bg-primary-2 eut-like-counter-link\" data-post-id=\"7747\"><i class=\"fa fa-heart\"><\/i><span class=\"eut-like-counter\">0<\/span><\/a><\/li>\r\n\t\t\t\t\t\r\n\t\t\t\t<\/ul>\r\n\t\t\t<\/div>\r\n\t\t[\/vc_column][\/vc_row]<\/p>\n<\/div>","protected":false},"excerpt":{"rendered":"<p>[vc_row section_type=&#8221;fullwidth-element&#8221; flex_height=&#8221;yes&#8221; header_feature=&#8221;yes&#8221; padding_top=&#8221;0&#8243; padding_bottom=&#8221;0&#8243;][vc_column css=&#8221;.vc_custom_1488455790747{padding-top: 5% !important;padding-bottom: 4% !important;}&#8221;][\/vc_column][\/vc_row][vc_row section_type=&#8221;fullwidth-element&#8221; flex_height=&#8221;yes&#8221; header_feature=&#8221;yes&#8221; padding_top=&#8221;0&#8243; padding_bottom=&#8221;0&#8243;][vc_column][vc_row_inner css=&#8221;.vc_custom_1478797648220{margin-top: 0px !important;border-top-width: 0px !important;padding-top: 0px !important;background-position: center !important;background-repeat: no-repeat !important;background-size: cover !important;}&#8221;][vc_column_inner width=&#8221;1\/6&#8243; css=&#8221;.vc_custom_1488466795603{padding-top: 0px !important;padding-right: 8% !important;padding-bottom: 0px !important;padding-left: 8% !important;background-color: #ffffff !important;background-position: center !important;background-repeat: no-repeat !important;background-size: cover !important;}&#8221;][\/vc_column_inner][vc_column_inner width=&#8221;2\/3&#8243; css=&#8221;.vc_custom_1488466810005{padding-top: 0px !important;padding-right: 8% !important;padding-bottom: 0px !important;padding-left: [&hellip;]<\/p>\n","protected":false},"author":1,"featured_media":0,"parent":0,"menu_order":0,"comment_status":"closed","ping_status":"closed","template":"","meta":{"footnotes":""},"_links":{"self":[{"href":"https:\/\/cosbrasil.com.br\/website\/wp-json\/wp\/v2\/pages\/7747"}],"collection":[{"href":"https:\/\/cosbrasil.com.br\/website\/wp-json\/wp\/v2\/pages"}],"about":[{"href":"https:\/\/cosbrasil.com.br\/website\/wp-json\/wp\/v2\/types\/page"}],"author":[{"embeddable":true,"href":"https:\/\/cosbrasil.com.br\/website\/wp-json\/wp\/v2\/users\/1"}],"replies":[{"embeddable":true,"href":"https:\/\/cosbrasil.com.br\/website\/wp-json\/wp\/v2\/comments?post=7747"}],"version-history":[{"count":17,"href":"https:\/\/cosbrasil.com.br\/website\/wp-json\/wp\/v2\/pages\/7747\/revisions"}],"predecessor-version":[{"id":7886,"href":"https:\/\/cosbrasil.com.br\/website\/wp-json\/wp\/v2\/pages\/7747\/revisions\/7886"}],"wp:attachment":[{"href":"https:\/\/cosbrasil.com.br\/website\/wp-json\/wp\/v2\/media?parent=7747"}],"curies":[{"name":"wp","href":"https:\/\/api.w.org\/{rel}","templated":true}]}}