{"id":7581,"date":"2017-03-13T14:52:48","date_gmt":"2017-03-13T14:52:48","guid":{"rendered":"https:\/\/cosbrasil.com.br\/website\/?page_id=7581"},"modified":"2017-05-12T21:23:46","modified_gmt":"2017-05-12T21:23:46","slug":"bloqueio","status":"publish","type":"page","link":"https:\/\/cosbrasil.com.br\/website\/bloqueio\/","title":{"rendered":"Bloqueio"},"content":{"rendered":"<div class=\"wpb-content-wrapper\"><p>[vc_row section_type=&#8221;in-container&#8221;][vc_column][vc_column_text]<\/p>\n<h1 style=\"text-align: center;\"><span style=\"color: #006042;\">Linha de Produtos<\/span><\/h1>\n<h3 style=\"text-align: center;\"><span style=\"color: #808080;\">Escolha abaixo sua necessidade de produtos:<\/span><\/h3>\n<p>[\/vc_column_text][vc_row_inner css=&#8221;.vc_custom_1474576314790{background-position: center !important;background-repeat: no-repeat !important;background-size: cover !important;}&#8221;][vc_column_inner width=&#8221;1\/2&#8243; css=&#8221;.vc_custom_1489430333112{padding-top: 5% !important;padding-right: 3% !important;padding-bottom: 5% !important;padding-left: 3% !important;background-color: #ededed !important;background-position: center !important;background-repeat: no-repeat !important;background-size: cover !important;}&#8221;][vc_empty_space]<div class=\"eut-element eut-align-center eut-animated-item eut-fadeIn\" data-delay=\"200\"><a class=\"eut-btn eut-btn-large eut-square eut-bg-primary-2 eut-btn-line\" href=\"https:\/\/cosbrasil.com.br\/website\/portfolio-cosmeticos\/\" target=\"_self\" style=\"\"><span>PRODUTOS PADRONIZADOS<\/span><\/a><\/div>[vc_column_text]<\/p>\n<p style=\"text-align: center;\"><span style=\"color: #808080;\">Produtos que atendem a um \u00fanico padr\u00e3o de embalagem e cosm\u00e9tico, onde seu diferencial \u00e9 a identifica\u00e7\u00e3o de sua marca na embalagem, desta maneira atendemos com maior agilidade de entrega para menor quantidade por cores.<\/span><\/p>\n<p>[\/vc_column_text][\/vc_column_inner][vc_column_inner width=&#8221;1\/2&#8243; css=&#8221;.vc_custom_1489430341606{padding-top: 5% !important;padding-right: 3% !important;padding-bottom: 5% !important;padding-left: 3% !important;background-color: #e8e8e8 !important;}&#8221;][vc_empty_space]<div class=\"eut-element eut-align-center eut-animated-item eut-fadeIn\" data-delay=\"200\"><a class=\"eut-btn eut-btn-large eut-square eut-bg-primary-2 eut-btn-line\" href=\"https:\/\/cosbrasil.com.br\/website\/customizados\/\" target=\"_self\" style=\"\"><span>PRODUTOS CUSTOMIZADOS<\/span><\/a><\/div>[vc_column_text]<\/p>\n<p style=\"text-align: center;\"><span style=\"color: #808080;\">Produtos a serem desenvolvidos de acordo com a necessidade espec\u00edfica de cada marca envolvendo desde o cosm\u00e9tico at\u00e9 a embalagem, desta maneira visando grandes volumes com prazo determinado para cada projeto.<\/span><\/p>\n<p>[\/vc_column_text][\/vc_column_inner][\/vc_row_inner][\/vc_column][\/vc_row]<\/p>\n<\/div>","protected":false},"excerpt":{"rendered":"<p>[vc_row section_type=&#8221;in-container&#8221;][vc_column][vc_column_text] Linha de Produtos Escolha abaixo sua necessidade de produtos: [\/vc_column_text][vc_row_inner css=&#8221;.vc_custom_1474576314790{background-position: center !important;background-repeat: no-repeat !important;background-size: cover !important;}&#8221;][vc_column_inner width=&#8221;1\/2&#8243; css=&#8221;.vc_custom_1489430333112{padding-top: 5% !important;padding-right: 3% !important;padding-bottom: 5% !important;padding-left: 3% !important;background-color: #ededed !important;background-position: center !important;background-repeat: no-repeat !important;background-size: cover !important;}&#8221;][vc_empty_space][vc_column_text] Produtos que atendem a um \u00fanico padr\u00e3o de embalagem e cosm\u00e9tico, onde seu diferencial \u00e9 a identifica\u00e7\u00e3o de [&hellip;]<\/p>\n","protected":false},"author":1,"featured_media":0,"parent":0,"menu_order":0,"comment_status":"closed","ping_status":"closed","template":"","meta":{"footnotes":""},"_links":{"self":[{"href":"https:\/\/cosbrasil.com.br\/website\/wp-json\/wp\/v2\/pages\/7581"}],"collection":[{"href":"https:\/\/cosbrasil.com.br\/website\/wp-json\/wp\/v2\/pages"}],"about":[{"href":"https:\/\/cosbrasil.com.br\/website\/wp-json\/wp\/v2\/types\/page"}],"author":[{"embeddable":true,"href":"https:\/\/cosbrasil.com.br\/website\/wp-json\/wp\/v2\/users\/1"}],"replies":[{"embeddable":true,"href":"https:\/\/cosbrasil.com.br\/website\/wp-json\/wp\/v2\/comments?post=7581"}],"version-history":[{"count":14,"href":"https:\/\/cosbrasil.com.br\/website\/wp-json\/wp\/v2\/pages\/7581\/revisions"}],"predecessor-version":[{"id":7766,"href":"https:\/\/cosbrasil.com.br\/website\/wp-json\/wp\/v2\/pages\/7581\/revisions\/7766"}],"wp:attachment":[{"href":"https:\/\/cosbrasil.com.br\/website\/wp-json\/wp\/v2\/media?parent=7581"}],"curies":[{"name":"wp","href":"https:\/\/api.w.org\/{rel}","templated":true}]}}