{"id":7473,"date":"2017-03-02T15:28:59","date_gmt":"2017-03-02T15:28:59","guid":{"rendered":"https:\/\/cosbrasil.com.br\/website\/?page_id=7473"},"modified":"2017-08-03T18:16:58","modified_gmt":"2017-08-03T18:16:58","slug":"b2b","status":"publish","type":"page","link":"https:\/\/cosbrasil.com.br\/website\/b2b\/","title":{"rendered":"Terceiriza\u00e7\u00e3o"},"content":{"rendered":"<div class=\"wpb-content-wrapper\"><p>[vc_row section_type=&#8221;fullwidth-element&#8221; flex_height=&#8221;yes&#8221; header_feature=&#8221;yes&#8221; padding_top=&#8221;0&#8243; padding_bottom=&#8221;0&#8243;][vc_column css=&#8221;.vc_custom_1488455790747{padding-top: 5% !important;padding-bottom: 4% !important;}&#8221;][vc_empty_space height=&#8221;60&#8243;][vc_column_text animation=&#8221;fadeInDown&#8221; animation_delay=&#8221;400&#8243;]<\/p>\n<h1 style=\"text-align: center;\"><span style=\"color: #006042;\">TERCEIRIZA\u00c7\u00c3O<\/span><\/h1>\n<h3 style=\"text-align: center;\"><span style=\"color: #999999;\">Uma linha completa de L\u00e1pis para Olhos, L\u00e1bios, Sobrancelhas e Face<\/span><\/h3>\n<p>[\/vc_column_text][vc_empty_space height=&#8221;30&#8243;][\/vc_column][\/vc_row][vc_row section_type=&#8221;fullwidth-element&#8221; flex_height=&#8221;yes&#8221; header_feature=&#8221;yes&#8221; padding_top=&#8221;0&#8243; padding_bottom=&#8221;0&#8243; margin_bottom=&#8221;0&#8243;][vc_column][vc_row_inner][vc_column_inner width=&#8221;1\/4&#8243; css=&#8221;.vc_custom_1487803207225{padding-top: 3% !important;padding-right: 5% !important;padding-bottom: 3% !important;padding-left: 5% !important;}&#8221;][vc_column_text animation=&#8221;fadeInUp&#8221; animation_delay=&#8221;400&#8243;]<\/p>\n<h3><span style=\"color: #808080;\">Fabrica\u00e7\u00e3o<\/span><\/h3>\n<p>L\u00e1pis delineadores retr\u00e1teis ou apont\u00e1veis para olhos, sobrancelhas, l\u00e1bios,\u00a0sombra, batom, corretivo e iluminador facial.[\/vc_column_text]<div class=\"eut-element eut-hr \" style=\"\"><div class=\"eut-line-divider\"><\/div><\/div>[vc_column_text animation=&#8221;fadeInUp&#8221; animation_delay=&#8221;400&#8243;]<\/p>\n<h3><span style=\"color: #808080;\">Embalagem<\/span><\/h3>\n<p>Infinitas possibilidades de cores de embalagens, al\u00e9m da op\u00e7\u00e3o customizada.[\/vc_column_text][\/vc_column_inner][vc_column_inner width=&#8221;1\/4&#8243; css=&#8221;.vc_custom_1487803266088{padding-top: 3% !important;padding-right: 5% !important;padding-bottom: 3% !important;padding-left: 5% !important;}&#8221;][vc_column_text animation=&#8221;fadeInUp&#8221; animation_delay=&#8221;400&#8243;]<\/p>\n<h3><span style=\"color: #808080;\">Cosm\u00e9tico<\/span><\/h3>\n<p>F\u00f3rmula moderna e de f\u00e1cil aplica\u00e7\u00e3o com uma gama de cores variadas.[\/vc_column_text]<div class=\"eut-element eut-hr \" style=\"\"><div class=\"eut-line-divider\"><\/div><\/div>[vc_column_text animation=&#8221;fadeInUp&#8221; animation_delay=&#8221;400&#8243;]<\/p>\n<h3><span style=\"color: #808080;\">Decora\u00e7\u00e3o<\/span><\/h3>\n<p>A impress\u00e3o da marca e nome do produto s\u00e3o realizados atrav\u00e9s de hot stamping.[\/vc_column_text][\/vc_column_inner][vc_column_inner width=&#8221;1\/2&#8243;][vc_column_text animation=&#8221;fadeInRight&#8221;]<img fetchpriority=\"high\" decoding=\"async\" class=\"size-full wp-image-6956 alignright\" src=\"https:\/\/cosbrasil.com.br\/website\/wp-content\/uploads\/2017\/02\/pizza.png\" alt=\"\" width=\"649\" height=\"552\" srcset=\"https:\/\/cosbrasil.com.br\/website\/wp-content\/uploads\/2017\/02\/pizza.png 649w, https:\/\/cosbrasil.com.br\/website\/wp-content\/uploads\/2017\/02\/pizza-300x255.png 300w\" sizes=\"(max-width: 649px) 100vw, 649px\" \/>[\/vc_column_text][\/vc_column_inner][\/vc_row_inner][vc_empty_space height=&#8221;50&#8243;][\/vc_column][\/vc_row][vc_row section_type=&#8221;fullwidth-element&#8221; flex_height=&#8221;yes&#8221; header_feature=&#8221;yes&#8221; padding_top=&#8221;0&#8243; padding_bottom=&#8221;0&#8243; margin_bottom=&#8221;0&#8243;][vc_column][vc_row_inner css=&#8221;.vc_custom_1474576314790{background-position: center !important;background-repeat: no-repeat !important;background-size: cover !important;}&#8221;][vc_column_inner css=&#8221;.vc_custom_1488467712305{padding-top: 5% !important;padding-right: 3% !important;padding-bottom: 5% !important;padding-left: 3% !important;background-color: #a5a5a5 !important;background-position: center !important;background-repeat: no-repeat !important;background-size: cover !important;}&#8221;]<div class=\"eut-element eut-align-center eut-animated-item eut-fadeIn\" data-delay=\"200\"><a class=\"eut-btn eut-btn-large eut-square eut-bg-primary-3 eut-btn-line\" href=\"https:\/\/cosbrasil.com.br\/website\/fale-conosco\/\" target=\"_self\" style=\"\"><span>FALE CONOSCO<\/span><\/a><\/div>[\/vc_column_inner][\/vc_row_inner][\/vc_column][\/vc_row][vc_row section_type=&#8221;fullwidth-element&#8221; flex_height=&#8221;yes&#8221; header_feature=&#8221;yes&#8221; padding_top=&#8221;0&#8243; padding_bottom=&#8221;0&#8243; margin_bottom=&#8221;0&#8243;][vc_column][vc_row_inner css=&#8221;.vc_custom_1474576314790{background-position: center !important;background-repeat: no-repeat !important;background-size: cover !important;}&#8221;][vc_column_inner width=&#8221;1\/3&#8243; css=&#8221;.vc_custom_1489163033861{background-color: #f2f2f2 !important;background-position: center !important;background-repeat: no-repeat !important;background-size: cover !important;}&#8221;][vc_column_text animation=&#8221;fadeInLeft&#8221;]<a href=\"http:\/\/maoparaofuturo.org.br\/\" target=\"_blank\" rel=\"noopener\"><img decoding=\"async\" class=\"size-full wp-image-7546 aligncenter\" src=\"https:\/\/cosbrasil.com.br\/website\/wp-content\/uploads\/2017\/03\/logo1.png\" alt=\"\" width=\"337\" height=\"337\" srcset=\"https:\/\/cosbrasil.com.br\/website\/wp-content\/uploads\/2017\/03\/logo1.png 337w, https:\/\/cosbrasil.com.br\/website\/wp-content\/uploads\/2017\/03\/logo1-150x150.png 150w, https:\/\/cosbrasil.com.br\/website\/wp-content\/uploads\/2017\/03\/logo1-300x300.png 300w, https:\/\/cosbrasil.com.br\/website\/wp-content\/uploads\/2017\/03\/logo1-180x180.png 180w\" sizes=\"(max-width: 337px) 100vw, 337px\" \/><\/a>[\/vc_column_text][\/vc_column_inner][vc_column_inner width=&#8221;1\/3&#8243; css=&#8221;.vc_custom_1489162944657{background-color: #dddddd !important;}&#8221;][vc_column_text animation=&#8221;fadeInLeft&#8221;]<a href=\"https:\/\/abihpec.org.br\/\" target=\"_blank\" rel=\"noopener\"><img decoding=\"async\" class=\"size-full wp-image-7548 aligncenter\" src=\"https:\/\/cosbrasil.com.br\/website\/wp-content\/uploads\/2017\/03\/logo2.png\" alt=\"\" width=\"337\" height=\"337\" srcset=\"https:\/\/cosbrasil.com.br\/website\/wp-content\/uploads\/2017\/03\/logo2.png 337w, https:\/\/cosbrasil.com.br\/website\/wp-content\/uploads\/2017\/03\/logo2-150x150.png 150w, https:\/\/cosbrasil.com.br\/website\/wp-content\/uploads\/2017\/03\/logo2-300x300.png 300w, https:\/\/cosbrasil.com.br\/website\/wp-content\/uploads\/2017\/03\/logo2-180x180.png 180w\" sizes=\"(max-width: 337px) 100vw, 337px\" \/><\/a>[\/vc_column_text][\/vc_column_inner][vc_column_inner width=&#8221;1\/3&#8243; css=&#8221;.vc_custom_1489162956049{background-color: #f2f2f2 !important;}&#8221;][vc_column_text animation=&#8221;fadeInLeft&#8221;]<a href=\"http:\/\/portal.anvisa.gov.br\/\" target=\"_blank\" rel=\"noopener\"><img loading=\"lazy\" decoding=\"async\" class=\"size-full wp-image-7547 aligncenter\" src=\"https:\/\/cosbrasil.com.br\/website\/wp-content\/uploads\/2017\/03\/logo3.png\" alt=\"\" width=\"337\" height=\"337\" srcset=\"https:\/\/cosbrasil.com.br\/website\/wp-content\/uploads\/2017\/03\/logo3.png 337w, https:\/\/cosbrasil.com.br\/website\/wp-content\/uploads\/2017\/03\/logo3-150x150.png 150w, https:\/\/cosbrasil.com.br\/website\/wp-content\/uploads\/2017\/03\/logo3-300x300.png 300w, https:\/\/cosbrasil.com.br\/website\/wp-content\/uploads\/2017\/03\/logo3-180x180.png 180w\" sizes=\"(max-width: 337px) 100vw, 337px\" \/><\/a>[\/vc_column_text][\/vc_column_inner][\/vc_row_inner][\/vc_column][\/vc_row][vc_row section_type=&#8221;fullwidth-element&#8221; flex_height=&#8221;yes&#8221;][vc_column css=&#8221;.vc_custom_1487807406181{padding-top: 5% !important;padding-bottom: 2% !important;}&#8221;][vc_empty_space height=&#8221;10&#8243;]\t\t\t<div class=\"eut-element eut-social eut-align-center eut-animated-item eut-fadeInUp\" style=\"\" data-delay=\"200\">\r\n\t\t\t\t<ul>\r\n\r\n\t\t\t\t\t\t\t\t\t\t<li><a href=\"https:\/\/cosbrasil.com.br\/website\/b2b\/\" title=\"Terceiriza\u00e7\u00e3o\" class=\"eut-large eut-square eut-outline eut-bg-primary-2 eut-social-share-facebook\"><i class=\"fa fa-facebook\"><\/i><\/a><\/li>\r\n\t\t\t\t\t\t\t\t\t\t\t\t\t\t\t\t\t\t\t\t<li><a href=\"https:\/\/cosbrasil.com.br\/website\/b2b\/\" title=\"Terceiriza\u00e7\u00e3o\" class=\"eut-large eut-square eut-outline eut-bg-primary-2 eut-social-share-linkedin\"><i class=\"fa fa-linkedin\"><\/i><\/a><\/li>\r\n\t\t\t\t\t\t\t\t\t\t\r\n\t\t\t\t\t\t\t\t\t\t<li><a href=\"#\" class=\"eut-large eut-square eut-outline eut-bg-primary-2 eut-like-counter-link\" data-post-id=\"7473\"><i class=\"fa fa-heart\"><\/i><span class=\"eut-like-counter\">50<\/span><\/a><\/li>\r\n\t\t\t\t\t\r\n\t\t\t\t<\/ul>\r\n\t\t\t<\/div>\r\n\t\t[\/vc_column][\/vc_row]<\/p>\n<\/div>","protected":false},"excerpt":{"rendered":"<p>[vc_row section_type=&#8221;fullwidth-element&#8221; flex_height=&#8221;yes&#8221; header_feature=&#8221;yes&#8221; padding_top=&#8221;0&#8243; padding_bottom=&#8221;0&#8243;][vc_column css=&#8221;.vc_custom_1488455790747{padding-top: 5% !important;padding-bottom: 4% !important;}&#8221;][vc_empty_space height=&#8221;60&#8243;][vc_column_text animation=&#8221;fadeInDown&#8221; animation_delay=&#8221;400&#8243;] TERCEIRIZA\u00c7\u00c3O Uma linha completa de L\u00e1pis para Olhos, L\u00e1bios, Sobrancelhas e Face [\/vc_column_text][vc_empty_space height=&#8221;30&#8243;][\/vc_column][\/vc_row][vc_row section_type=&#8221;fullwidth-element&#8221; flex_height=&#8221;yes&#8221; header_feature=&#8221;yes&#8221; padding_top=&#8221;0&#8243; padding_bottom=&#8221;0&#8243; margin_bottom=&#8221;0&#8243;][vc_column][vc_row_inner][vc_column_inner width=&#8221;1\/4&#8243; css=&#8221;.vc_custom_1487803207225{padding-top: 3% !important;padding-right: 5% !important;padding-bottom: 3% !important;padding-left: 5% !important;}&#8221;][vc_column_text animation=&#8221;fadeInUp&#8221; animation_delay=&#8221;400&#8243;] Fabrica\u00e7\u00e3o L\u00e1pis delineadores retr\u00e1teis ou apont\u00e1veis para olhos, sobrancelhas, [&hellip;]<\/p>\n","protected":false},"author":1,"featured_media":0,"parent":0,"menu_order":0,"comment_status":"closed","ping_status":"closed","template":"","meta":{"footnotes":""},"_links":{"self":[{"href":"https:\/\/cosbrasil.com.br\/website\/wp-json\/wp\/v2\/pages\/7473"}],"collection":[{"href":"https:\/\/cosbrasil.com.br\/website\/wp-json\/wp\/v2\/pages"}],"about":[{"href":"https:\/\/cosbrasil.com.br\/website\/wp-json\/wp\/v2\/types\/page"}],"author":[{"embeddable":true,"href":"https:\/\/cosbrasil.com.br\/website\/wp-json\/wp\/v2\/users\/1"}],"replies":[{"embeddable":true,"href":"https:\/\/cosbrasil.com.br\/website\/wp-json\/wp\/v2\/comments?post=7473"}],"version-history":[{"count":13,"href":"https:\/\/cosbrasil.com.br\/website\/wp-json\/wp\/v2\/pages\/7473\/revisions"}],"predecessor-version":[{"id":7884,"href":"https:\/\/cosbrasil.com.br\/website\/wp-json\/wp\/v2\/pages\/7473\/revisions\/7884"}],"wp:attachment":[{"href":"https:\/\/cosbrasil.com.br\/website\/wp-json\/wp\/v2\/media?parent=7473"}],"curies":[{"name":"wp","href":"https:\/\/api.w.org\/{rel}","templated":true}]}}