{"id":7446,"date":"2017-03-02T15:13:18","date_gmt":"2017-03-02T15:13:18","guid":{"rendered":"https:\/\/cosbrasil.com.br\/website\/?page_id=7446"},"modified":"2017-08-03T18:16:54","modified_gmt":"2017-08-03T18:16:54","slug":"institucional","status":"publish","type":"page","link":"https:\/\/cosbrasil.com.br\/website\/institucional\/","title":{"rendered":"Institucional"},"content":{"rendered":"<div class=\"wpb-content-wrapper\"><p>[vc_row section_type=&#8221;fullwidth-element&#8221; flex_height=&#8221;yes&#8221; header_feature=&#8221;yes&#8221; padding_top=&#8221;0&#8243; padding_bottom=&#8221;0&#8243;][vc_column css=&#8221;.vc_custom_1488455790747{padding-top: 5% !important;padding-bottom: 4% !important;}&#8221;][vc_column_text animation=&#8221;fadeInDown&#8221; animation_delay=&#8221;400&#8243;]<\/p>\n<h2 style=\"text-align: center;\"><span style=\"color: #006042;\">Movida \u00e0 criatividade e inova\u00e7\u00e3o atendendo aos padr\u00f5es de qualidade<\/span><\/h2>\n<p>[\/vc_column_text][\/vc_column][\/vc_row][vc_row section_type=&#8221;fullwidth-element&#8221; flex_height=&#8221;yes&#8221; header_feature=&#8221;yes&#8221; padding_top=&#8221;0&#8243; padding_bottom=&#8221;0&#8243;][vc_column][vc_row_inner css=&#8221;.vc_custom_1478797648220{margin-top: 0px !important;border-top-width: 0px !important;padding-top: 0px !important;background-position: center !important;background-repeat: no-repeat !important;background-size: cover !important;}&#8221;][vc_column_inner width=&#8221;1\/2&#8243; css=&#8221;.vc_custom_1488466795603{padding-top: 0px !important;padding-right: 8% !important;padding-bottom: 0px !important;padding-left: 8% !important;background-color: #ffffff !important;background-position: center !important;background-repeat: no-repeat !important;background-size: cover !important;}&#8221;][vc_column_text animation=&#8221;fadeInDown&#8221; animation_delay=&#8221;400&#8243;]<\/p>\n<p style=\"text-align: justify;\">Fundada em 1999\u00a0e\u00a0desenvolvido o projeto de empresa modelo, atrav\u00e9s da experi\u00eancia de nossa equipe que dedicou grande parte de suas vidas a criar um novo conceito de ind\u00fastria cosm\u00e9tico.<br \/>\nDirecionada em desenvolver e produzir cosm\u00e9ticos com qualidade, produtividade e responsabilidade, no mercado nacional de cosm\u00e9ticos, atrav\u00e9s do respeito ao meio ambiente buscando a melhoria cont\u00ednua e a satisfa\u00e7\u00e3o plena de nossos clientes.<\/p>\n<p>[\/vc_column_text][\/vc_column_inner][vc_column_inner width=&#8221;1\/2&#8243; css=&#8221;.vc_custom_1488466810005{padding-top: 0px !important;padding-right: 8% !important;padding-bottom: 0px !important;padding-left: 8% !important;background-color: #ffffff !important;}&#8221;][vc_column_text animation=&#8221;fadeInDown&#8221; animation_delay=&#8221;400&#8243;]<\/p>\n<p style=\"text-align: justify;\">Possui a sustentabilidade como estrate\u0301gia para o sucesso empresarial e objetivos definidos para os pr\u00f3ximos anos, oferecendo uma grande oportunidade aos que acreditam em nossa trajet\u00f3ria.<\/p>\n<p>[\/vc_column_text]<div class=\"eut-element eut-align-left eut-animated-item eut-fadeIn\" data-delay=\"400\"><a class=\"eut-btn eut-btn-small eut-square eut-bg-primary-2 eut-btn-line\" href=\"https:\/\/cosbrasil.com.br\/website\/meio-ambiente\/\" target=\"_self\" style=\"\"><span>MEIO AMBIENTE<\/span><\/a><\/div>[\/vc_column_inner][\/vc_row_inner][vc_row_inner][vc_column_inner][vc_empty_space height=&#8221;100&#8243;][\/vc_column_inner][\/vc_row_inner][\/vc_column][\/vc_row][vc_row section_type=&#8221;fullwidth-element&#8221; flex_height=&#8221;yes&#8221; header_feature=&#8221;yes&#8221; padding_top=&#8221;0&#8243; padding_bottom=&#8221;0&#8243;][vc_column][vc_row_inner css=&#8221;.vc_custom_1488474288713{background-color: #c4c4c4 !important;background-position: center !important;background-repeat: no-repeat !important;background-size: cover !important;}&#8221;][vc_column_inner width=&#8221;1\/3&#8243; css=&#8221;.vc_custom_1488466998049{padding-top: 10% !important;padding-right: 3% !important;padding-bottom: 10% !important;padding-left: 3% !important;background-color: #d1d1d1 !important;background-position: center !important;background-repeat: no-repeat !important;background-size: cover !important;}&#8221;][vc_column_text animation=&#8221;fadeInDown&#8221; animation_delay=&#8221;400&#8243;]<\/p>\n<div class=\"animate-icon-module-style2-normal-content clearfix\">\n<h3 class=\"animate-icon-title\" style=\"text-align: center;\"><span style=\"color: #333333;\">EMPREENDEDORISMO E INOVA\u00c7\u00c3O<\/span><\/h3>\n<\/div>\n<div class=\"animate-icon-module-style2-hover-content clearfix\">\n<p style=\"text-align: center;\"><span style=\"color: #333333;\">Nossa miss\u00e3o \u00e9 levar aos nossos clientes, qualidade\u00a0em\u00a0servi\u00e7os e produtos. Sempre comprometidos com o sucesso dos nossos parceiros e clientes.<\/span><\/p>\n<\/div>\n<p>[\/vc_column_text][\/vc_column_inner][vc_column_inner width=&#8221;1\/3&#8243; css=&#8221;.vc_custom_1488474173769{padding-top: 10% !important;padding-right: 3% !important;padding-bottom: 10% !important;padding-left: 3% !important;background-color: #c4c4c4 !important;}&#8221;][vc_column_text animation=&#8221;fadeInDown&#8221; animation_delay=&#8221;400&#8243;]<\/p>\n<div class=\"animate-icon-module-style2-normal-content clearfix\">\n<h3 class=\"animate-icon-title\" style=\"text-align: center;\"><span style=\"color: #333333;\">GOOD MANUFACTURING PRACTICES<\/span><\/h3>\n<\/div>\n<div class=\"animate-icon-module-style2-hover-content clearfix\">\n<p style=\"text-align: center;\"><span style=\"color: #333333;\">Seguindo \u00e0s boas pr\u00e1ticas de fabrica\u00e7\u00e3o e legisla\u00e7\u00f5es vigente,\u00a0garantimos produtos que passam seguran\u00e7a e credibilidade em nossa cadeia produtiva.<\/span><\/p>\n<\/div>\n<p>[\/vc_column_text][\/vc_column_inner][vc_column_inner width=&#8221;1\/3&#8243; css=&#8221;.vc_custom_1488467695840{padding-top: 10% !important;padding-right: 3% !important;padding-bottom: 156px !important;padding-left: 3% !important;background-color: #e0e0e0 !important;background-position: center !important;background-repeat: no-repeat !important;background-size: cover !important;}&#8221;][vc_column_text animation=&#8221;fadeInDown&#8221; animation_delay=&#8221;400&#8243;]<\/p>\n<div class=\"animate-icon-module-style2-normal-content clearfix\">\n<h3 class=\"animate-icon-title\" style=\"text-align: center;\"><span style=\"color: #333333;\">DESENVOLVIMENTO SUSTENT\u00c1VEL<\/span><\/h3>\n<\/div>\n<div class=\"animate-icon-module-style2-hover-content clearfix\">\n<p style=\"text-align: center;\"><span style=\"color: #333333;\">Produzir produtos de qualidade, sem comprometer futuras gera\u00e7\u00f5es,\u00a0reconhecendo de que os recursos naturais s\u00e3o finitos.<\/span><\/p>\n<\/div>\n<p>[\/vc_column_text][\/vc_column_inner][\/vc_row_inner][\/vc_column][\/vc_row][vc_row section_type=&#8221;fullwidth-element&#8221; flex_height=&#8221;yes&#8221; header_feature=&#8221;yes&#8221; padding_top=&#8221;0&#8243; padding_bottom=&#8221;0&#8243; margin_bottom=&#8221;0&#8243;][vc_column][vc_row_inner css=&#8221;.vc_custom_1474576314790{background-position: center !important;background-repeat: no-repeat !important;background-size: cover !important;}&#8221;][vc_column_inner css=&#8221;.vc_custom_1488467712305{padding-top: 5% !important;padding-right: 3% !important;padding-bottom: 5% !important;padding-left: 3% !important;background-color: #a5a5a5 !important;background-position: center !important;background-repeat: no-repeat !important;background-size: cover !important;}&#8221;]<div class=\"eut-element eut-align-center eut-animated-item eut-fadeIn\" data-delay=\"200\"><a class=\"eut-btn eut-btn-large eut-square eut-bg-primary-3 eut-btn-line\" href=\"https:\/\/cosbrasil.com.br\/website\/fale-conosco\/\" target=\"_self\" style=\"\"><span>FALE CONOSCO<\/span><\/a><\/div>[\/vc_column_inner][\/vc_row_inner][\/vc_column][\/vc_row][vc_row section_type=&#8221;fullwidth-element&#8221; flex_height=&#8221;yes&#8221;][vc_column css=&#8221;.vc_custom_1487807406181{padding-top: 5% !important;padding-bottom: 2% !important;}&#8221;][vc_empty_space height=&#8221;10&#8243;]\t\t\t<div class=\"eut-element eut-social eut-align-center eut-animated-item eut-fadeInUp\" style=\"\" data-delay=\"200\">\r\n\t\t\t\t<ul>\r\n\r\n\t\t\t\t\t\t\t\t\t\t<li><a href=\"https:\/\/cosbrasil.com.br\/website\/institucional\/\" title=\"Institucional\" class=\"eut-large eut-square eut-outline eut-bg-primary-2 eut-social-share-facebook\"><i class=\"fa fa-facebook\"><\/i><\/a><\/li>\r\n\t\t\t\t\t\t\t\t\t\t\t\t\t\t\t\t\t\t\t\t<li><a href=\"https:\/\/cosbrasil.com.br\/website\/institucional\/\" title=\"Institucional\" class=\"eut-large eut-square eut-outline eut-bg-primary-2 eut-social-share-linkedin\"><i class=\"fa fa-linkedin\"><\/i><\/a><\/li>\r\n\t\t\t\t\t\t\t\t\t\t\r\n\t\t\t\t\t\t\t\t\t\t<li><a href=\"#\" class=\"eut-large eut-square eut-outline eut-bg-primary-2 eut-like-counter-link\" data-post-id=\"7446\"><i class=\"fa fa-heart\"><\/i><span class=\"eut-like-counter\">2<\/span><\/a><\/li>\r\n\t\t\t\t\t\r\n\t\t\t\t<\/ul>\r\n\t\t\t<\/div>\r\n\t\t[\/vc_column][\/vc_row]<\/p>\n<\/div>","protected":false},"excerpt":{"rendered":"<p>[vc_row section_type=&#8221;fullwidth-element&#8221; flex_height=&#8221;yes&#8221; header_feature=&#8221;yes&#8221; padding_top=&#8221;0&#8243; padding_bottom=&#8221;0&#8243;][vc_column css=&#8221;.vc_custom_1488455790747{padding-top: 5% !important;padding-bottom: 4% !important;}&#8221;][vc_column_text animation=&#8221;fadeInDown&#8221; animation_delay=&#8221;400&#8243;] Movida \u00e0 criatividade e inova\u00e7\u00e3o atendendo aos padr\u00f5es de qualidade [\/vc_column_text][\/vc_column][\/vc_row][vc_row section_type=&#8221;fullwidth-element&#8221; flex_height=&#8221;yes&#8221; header_feature=&#8221;yes&#8221; padding_top=&#8221;0&#8243; padding_bottom=&#8221;0&#8243;][vc_column][vc_row_inner css=&#8221;.vc_custom_1478797648220{margin-top: 0px !important;border-top-width: 0px !important;padding-top: 0px !important;background-position: center !important;background-repeat: no-repeat !important;background-size: cover !important;}&#8221;][vc_column_inner width=&#8221;1\/2&#8243; css=&#8221;.vc_custom_1488466795603{padding-top: 0px !important;padding-right: 8% !important;padding-bottom: 0px !important;padding-left: 8% !important;background-color: #ffffff !important;background-position: center [&hellip;]<\/p>\n","protected":false},"author":1,"featured_media":0,"parent":0,"menu_order":0,"comment_status":"closed","ping_status":"closed","template":"","meta":{"footnotes":""},"_links":{"self":[{"href":"https:\/\/cosbrasil.com.br\/website\/wp-json\/wp\/v2\/pages\/7446"}],"collection":[{"href":"https:\/\/cosbrasil.com.br\/website\/wp-json\/wp\/v2\/pages"}],"about":[{"href":"https:\/\/cosbrasil.com.br\/website\/wp-json\/wp\/v2\/types\/page"}],"author":[{"embeddable":true,"href":"https:\/\/cosbrasil.com.br\/website\/wp-json\/wp\/v2\/users\/1"}],"replies":[{"embeddable":true,"href":"https:\/\/cosbrasil.com.br\/website\/wp-json\/wp\/v2\/comments?post=7446"}],"version-history":[{"count":34,"href":"https:\/\/cosbrasil.com.br\/website\/wp-json\/wp\/v2\/pages\/7446\/revisions"}],"predecessor-version":[{"id":7885,"href":"https:\/\/cosbrasil.com.br\/website\/wp-json\/wp\/v2\/pages\/7446\/revisions\/7885"}],"wp:attachment":[{"href":"https:\/\/cosbrasil.com.br\/website\/wp-json\/wp\/v2\/media?parent=7446"}],"curies":[{"name":"wp","href":"https:\/\/api.w.org\/{rel}","templated":true}]}}