{"id":6894,"date":"2017-02-20T15:50:44","date_gmt":"2017-02-20T15:50:44","guid":{"rendered":"https:\/\/cosbrasil.com.br\/website\/?page_id=6894"},"modified":"2023-09-04T17:47:34","modified_gmt":"2023-09-04T17:47:34","slug":"home-cosbrasil","status":"publish","type":"page","link":"https:\/\/cosbrasil.com.br\/website\/","title":{"rendered":"Home Cosbrasil"},"content":{"rendered":"<div class=\"wpb-content-wrapper\"><p>[vc_row section_type=&#8221;fullwidth-element&#8221; flex_height=&#8221;yes&#8221; header_feature=&#8221;yes&#8221; padding_top=&#8221;0&#8243; padding_bottom=&#8221;0&#8243;][vc_column][vc_row_inner css=&#8221;.vc_custom_1474576314790{background-position: center !important;background-repeat: no-repeat !important;background-size: cover !important;}&#8221;][vc_column_inner width=&#8221;1\/3&#8243; css=&#8221;.vc_custom_1487775186438{padding-top: 10% !important;padding-right: 3% !important;padding-bottom: 10% !important;padding-left: 3% !important;background-image: url(https:\/\/cosbrasil.com.br\/website\/wp-content\/uploads\/2017\/02\/02.jpg?id=6933) !important;background-position: center !important;background-repeat: no-repeat !important;background-size: cover !important;}&#8221;][vc_empty_space height=&#8221;200&#8243;][\/vc_column_inner][vc_column_inner width=&#8221;1\/3&#8243; css=&#8221;.vc_custom_1487806189539{padding-top: 10% !important;padding-right: 3% !important;padding-bottom: 6% !important;padding-left: 3% !important;background-color: #ffffff !important;}&#8221;][vc_column_text animation=&#8221;fadeInDown&#8221; animation_delay=&#8221;400&#8243;]<\/p>\n<h1 style=\"text-align: center;\"><span style=\"color: #006042;\">Solu\u00e7\u00f5es em Cosm\u00e9ticos<\/span><\/h1>\n<p style=\"text-align: center;\">Atualmente a Cosbrasil oferece l\u00e1pis cosm\u00e9ticos que envolvem desde marcas regionais a marcas nacionalmente conhecidas, atendendo a necessidade de baixo, m\u00e9dio e alto volume.<\/p>\n<p>[\/vc_column_text][\/vc_column_inner][vc_column_inner width=&#8221;1\/3&#8243; css=&#8221;.vc_custom_1487775214568{padding-top: 10% !important;padding-right: 3% !important;padding-bottom: 10% !important;padding-left: 3% !important;background-image: url(https:\/\/cosbrasil.com.br\/website\/wp-content\/uploads\/2017\/02\/01.jpg?id=6932) !important;background-position: center !important;background-repeat: no-repeat !important;background-size: cover !important;}&#8221;][vc_empty_space height=&#8221;200&#8243;][\/vc_column_inner][\/vc_row_inner][\/vc_column][\/vc_row][vc_row section_type=&#8221;fullwidth-element&#8221; flex_height=&#8221;yes&#8221; header_feature=&#8221;yes&#8221; padding_top=&#8221;0&#8243; padding_bottom=&#8221;0&#8243; margin_bottom=&#8221;0&#8243;][vc_column][vc_row_inner css=&#8221;.vc_custom_1474576314790{background-position: center !important;background-repeat: no-repeat !important;background-size: cover !important;}&#8221;][vc_column_inner width=&#8221;1\/2&#8243; css=&#8221;.vc_custom_1487776712043{padding-top: 5% !important;padding-right: 3% !important;padding-bottom: 5% !important;padding-left: 3% !important;background-color: #9e9e9e !important;background-position: center !important;background-repeat: no-repeat !important;background-size: cover !important;}&#8221;]<div class=\"eut-element eut-align-center eut-animated-item eut-fadeIn\" data-delay=\"200\"><a class=\"eut-btn eut-btn-large eut-square eut-bg-primary-3 eut-btn-line\" href=\"https:\/\/cosbrasil.com.br\/website\/linha-olhos\/\" target=\"_self\" style=\"\"><span>PRODUTOS PADRONIZADOS<\/span><\/a><\/div>[vc_column_text]<\/p>\n<p style=\"text-align: center;\"><span style=\"color: #dbdbdb;\">Produtos que atendem a um \u00fanico padr\u00e3o de embalagem e cosm\u00e9tico, onde seu diferencial \u00e9 a identifica\u00e7\u00e3o de sua marca na embalagem, desta maneira atendemos com maior agilidade de entrega para menor quantidade por cores.<\/span><\/p>\n<p>[\/vc_column_text][\/vc_column_inner][vc_column_inner width=&#8221;1\/2&#8243; css=&#8221;.vc_custom_1487776762592{padding-top: 5% !important;padding-right: 3% !important;padding-bottom: 5% !important;padding-left: 3% !important;background-color: #939393 !important;}&#8221;]<div class=\"eut-element eut-align-center eut-animated-item eut-fadeIn\" data-delay=\"200\"><a class=\"eut-btn eut-btn-large eut-square eut-bg-primary-3 eut-btn-line\" href=\"https:\/\/cosbrasil.com.br\/website\/linha-olhos\/\" target=\"_self\" style=\"\"><span>PRODUTOS CUSTOMIZADOS<\/span><\/a><\/div>[vc_column_text]<\/p>\n<p style=\"text-align: center;\"><span style=\"color: #dbdbdb;\">Produtos a serem desenvolvidos de acordo com a necessidade espec\u00edfica de cada marca envolvendo desde o cosm\u00e9tico at\u00e9 a embalagem, desta maneira visando grandes volumes com prazo determinado para cada projeto.<\/span><\/p>\n<p>[\/vc_column_text][\/vc_column_inner][\/vc_row_inner][\/vc_column][\/vc_row][vc_row section_type=&#8221;fullwidth-element&#8221; flex_height=&#8221;yes&#8221;][vc_column css=&#8221;.vc_custom_1487807406181{padding-top: 5% !important;padding-bottom: 2% !important;}&#8221;][vc_empty_space height=&#8221;10&#8243;]\t\t\t<div class=\"eut-element eut-social eut-align-center eut-animated-item eut-fadeInUp\" style=\"\" data-delay=\"200\">\r\n\t\t\t\t<ul>\r\n\r\n\t\t\t\t\t\t\t\t\t\t<li><a href=\"https:\/\/cosbrasil.com.br\/website\/\" title=\"Home Cosbrasil\" class=\"eut-large eut-square eut-outline eut-bg-primary-2 eut-social-share-facebook\"><i class=\"fa fa-facebook\"><\/i><\/a><\/li>\r\n\t\t\t\t\t\t\t\t\t\t\t\t\t\t\t\t\t\t\t\t<li><a href=\"https:\/\/cosbrasil.com.br\/website\/\" title=\"Home Cosbrasil\" class=\"eut-large eut-square eut-outline eut-bg-primary-2 eut-social-share-linkedin\"><i class=\"fa fa-linkedin\"><\/i><\/a><\/li>\r\n\t\t\t\t\t\t\t\t\t\t\r\n\t\t\t\t\t\t\t\t\t\t<li><a href=\"#\" class=\"eut-large eut-square eut-outline eut-bg-primary-2 eut-like-counter-link\" data-post-id=\"6894\"><i class=\"fa fa-heart\"><\/i><span class=\"eut-like-counter\">61<\/span><\/a><\/li>\r\n\t\t\t\t\t\r\n\t\t\t\t<\/ul>\r\n\t\t\t<\/div>\r\n\t\t[\/vc_column][\/vc_row]<\/p>\n<\/div>","protected":false},"excerpt":{"rendered":"<p>[vc_row section_type=&#8221;fullwidth-element&#8221; flex_height=&#8221;yes&#8221; header_feature=&#8221;yes&#8221; padding_top=&#8221;0&#8243; padding_bottom=&#8221;0&#8243;][vc_column][vc_row_inner css=&#8221;.vc_custom_1474576314790{background-position: center !important;background-repeat: no-repeat !important;background-size: cover !important;}&#8221;][vc_column_inner width=&#8221;1\/3&#8243; css=&#8221;.vc_custom_1487775186438{padding-top: 10% !important;padding-right: 3% !important;padding-bottom: 10% !important;padding-left: 3% !important;background-image: url(https:\/\/cosbrasil.com.br\/website\/wp-content\/uploads\/2017\/02\/02.jpg?id=6933) !important;background-position: center !important;background-repeat: no-repeat !important;background-size: cover !important;}&#8221;][vc_empty_space height=&#8221;200&#8243;][\/vc_column_inner][vc_column_inner width=&#8221;1\/3&#8243; css=&#8221;.vc_custom_1487806189539{padding-top: 10% !important;padding-right: 3% !important;padding-bottom: 6% !important;padding-left: 3% !important;background-color: #ffffff !important;}&#8221;][vc_column_text animation=&#8221;fadeInDown&#8221; animation_delay=&#8221;400&#8243;] Solu\u00e7\u00f5es em Cosm\u00e9ticos Atualmente a Cosbrasil oferece l\u00e1pis cosm\u00e9ticos [&hellip;]<\/p>\n","protected":false},"author":1,"featured_media":0,"parent":0,"menu_order":0,"comment_status":"closed","ping_status":"closed","template":"","meta":{"footnotes":""},"_links":{"self":[{"href":"https:\/\/cosbrasil.com.br\/website\/wp-json\/wp\/v2\/pages\/6894"}],"collection":[{"href":"https:\/\/cosbrasil.com.br\/website\/wp-json\/wp\/v2\/pages"}],"about":[{"href":"https:\/\/cosbrasil.com.br\/website\/wp-json\/wp\/v2\/types\/page"}],"author":[{"embeddable":true,"href":"https:\/\/cosbrasil.com.br\/website\/wp-json\/wp\/v2\/users\/1"}],"replies":[{"embeddable":true,"href":"https:\/\/cosbrasil.com.br\/website\/wp-json\/wp\/v2\/comments?post=6894"}],"version-history":[{"count":27,"href":"https:\/\/cosbrasil.com.br\/website\/wp-json\/wp\/v2\/pages\/6894\/revisions"}],"predecessor-version":[{"id":8085,"href":"https:\/\/cosbrasil.com.br\/website\/wp-json\/wp\/v2\/pages\/6894\/revisions\/8085"}],"wp:attachment":[{"href":"https:\/\/cosbrasil.com.br\/website\/wp-json\/wp\/v2\/media?parent=6894"}],"curies":[{"name":"wp","href":"https:\/\/api.w.org\/{rel}","templated":true}]}}