{"id":6311,"date":"2016-09-22T15:05:02","date_gmt":"2016-09-22T15:05:02","guid":{"rendered":"http:\/\/matiza.com.br\/teixeira\/?page_id=6311"},"modified":"2017-04-06T18:16:35","modified_gmt":"2017-04-06T18:16:35","slug":"linha-produtos","status":"publish","type":"page","link":"https:\/\/cosbrasil.com.br\/website\/linha-produtos\/","title":{"rendered":"Linha de Produtos"},"content":{"rendered":"<div class=\"wpb-content-wrapper\"><p>[vc_row section_type=&#8221;fullwidth-element&#8221; flex_height=&#8221;yes&#8221; header_feature=&#8221;yes&#8221; padding_top=&#8221;0&#8243; padding_bottom=&#8221;0&#8243;][vc_column][vc_row_inner css=&#8221;.vc_custom_1478797648220{margin-top: 0px !important;border-top-width: 0px !important;padding-top: 0px !important;background-position: center !important;background-repeat: no-repeat !important;background-size: cover !important;}&#8221;][vc_column_inner width=&#8221;1\/2&#8243; css=&#8221;.vc_custom_1489406579842{padding-top: 10% !important;padding-right: 3% !important;padding-bottom: 10% !important;padding-left: 3% !important;background-image: url(https:\/\/cosbrasil.com.br\/website\/wp-content\/uploads\/2016\/09\/app-ret.jpg?id=7558) !important;background-position: center !important;background-repeat: no-repeat !important;background-size: cover !important;}&#8221;][vc_empty_space height=&#8221;550&#8243;][\/vc_column_inner][vc_column_inner width=&#8221;1\/2&#8243; css=&#8221;.vc_custom_1488402096950{padding-top: 10% !important;padding-right: 8% !important;padding-bottom: 10% !important;padding-left: 8% !important;background-color: #ffffff !important;}&#8221;][vc_column_text animation=&#8221;fadeInDown&#8221; animation_delay=&#8221;400&#8243;]<\/p>\n<h2><span style=\"color: #999999;\">L\u00c1PIS DELINEADOR<\/span><br \/>\n<span style=\"color: #999999;\"> RETR\u00c1TIL &#8211; 8mm<\/span><\/h2>\n<p><img fetchpriority=\"high\" decoding=\"async\" class=\"size-full wp-image-7563 alignleft\" src=\"https:\/\/cosbrasil.com.br\/website\/wp-content\/uploads\/2016\/09\/retratil.png\" alt=\"\" width=\"592\" height=\"137\" srcset=\"https:\/\/cosbrasil.com.br\/website\/wp-content\/uploads\/2016\/09\/retratil.png 592w, https:\/\/cosbrasil.com.br\/website\/wp-content\/uploads\/2016\/09\/retratil-300x69.png 300w\" sizes=\"(max-width: 592px) 100vw, 592px\" \/>[\/vc_column_text][vc_column_text animation=&#8221;fadeInDown&#8221; animation_delay=&#8221;400&#8243;]<\/p>\n<h3><span style=\"color: #999999;\">A combina\u00e7\u00e3o de uma f\u00f3rmula com pigmentos puros, e embalagem pratica, garantem um delineado preciso.<\/span><\/h3>\n<p>[\/vc_column_text]<div class=\"eut-element eut-align-left eut-animated-item eut-fadeIn\" data-delay=\"400\"><a class=\"eut-btn eut-btn-large eut-square eut-bg-primary-2 eut-btn-line\" href=\"https:\/\/cosbrasil.com.br\/website\/bloqueio\/\" target=\"_self\" style=\"\"><span>MAIS INFORMA\u00c7\u00d5ES<\/span><\/a><\/div>[\/vc_column_inner][\/vc_row_inner][vc_row_inner css=&#8221;.vc_custom_1478797648220{margin-top: 0px !important;border-top-width: 0px !important;padding-top: 0px !important;background-position: center !important;background-repeat: no-repeat !important;background-size: cover !important;}&#8221;][vc_column_inner width=&#8221;1\/2&#8243; css=&#8221;.vc_custom_1488403850239{padding-top: 10% !important;padding-right: 8% !important;padding-bottom: 10% !important;padding-left: 8% !important;background-color: #ffffff !important;}&#8221;][vc_column_text animation=&#8221;fadeInDown&#8221; animation_delay=&#8221;400&#8243;]<\/p>\n<h2><span style=\"color: #999999;\">L\u00c1PIS DELINEADOR<\/span><br \/>\n<span style=\"color: #999999;\">RETR\u00c1TIL COM ESFUMADOR- 8mm<\/span><\/h2>\n<p><img decoding=\"async\" class=\"alignnone wp-image-7565\" src=\"https:\/\/cosbrasil.com.br\/website\/wp-content\/uploads\/2016\/09\/retrati2l.png\" alt=\"\" width=\"700\" height=\"174\" \/>[\/vc_column_text][vc_column_text animation=&#8221;fadeInDown&#8221; animation_delay=&#8221;400&#8243;]<\/p>\n<h3><span style=\"color: #999999;\">Embalagem pr\u00e1tica com a fun\u00e7\u00e3o de esfumar o delineado.<\/span><\/h3>\n<p>[\/vc_column_text]<div class=\"eut-element eut-align-left eut-animated-item eut-fadeIn\" data-delay=\"400\"><a class=\"eut-btn eut-btn-large eut-square eut-bg-primary-2 eut-btn-line\" href=\"https:\/\/cosbrasil.com.br\/website\/bloqueio\/\" target=\"_self\" style=\"\"><span>MAIS INFORMA\u00c7\u00d5ES<\/span><\/a><\/div>[\/vc_column_inner][vc_column_inner width=&#8221;1\/2&#8243; css=&#8221;.vc_custom_1489406598766{padding-top: 10% !important;padding-right: 3% !important;padding-bottom: 10% !important;padding-left: 3% !important;background-image: url(https:\/\/cosbrasil.com.br\/website\/wp-content\/uploads\/2016\/09\/app-esf.jpg?id=7557) !important;background-position: center !important;background-repeat: no-repeat !important;background-size: cover !important;}&#8221;][vc_empty_space height=&#8221;550&#8243;][\/vc_column_inner][\/vc_row_inner][vc_row_inner css=&#8221;.vc_custom_1478797648220{margin-top: 0px !important;border-top-width: 0px !important;padding-top: 0px !important;background-position: center !important;background-repeat: no-repeat !important;background-size: cover !important;}&#8221;][vc_column_inner width=&#8221;1\/2&#8243; css=&#8221;.vc_custom_1489406616389{padding-top: 10% !important;padding-right: 3% !important;padding-bottom: 10% !important;padding-left: 3% !important;background-image: url(https:\/\/cosbrasil.com.br\/website\/wp-content\/uploads\/2016\/09\/app-apont.jpg?id=7556) !important;background-position: center !important;background-repeat: no-repeat !important;background-size: cover !important;}&#8221;][vc_empty_space height=&#8221;550&#8243;][\/vc_column_inner][vc_column_inner width=&#8221;1\/2&#8243; css=&#8221;.vc_custom_1488403785696{padding-top: 10% !important;padding-right: 8% !important;padding-bottom: 10% !important;padding-left: 8% !important;background-color: #ffffff !important;}&#8221;][vc_column_text animation=&#8221;fadeInDown&#8221; animation_delay=&#8221;400&#8243;]<\/p>\n<h2><span style=\"color: #999999;\">L\u00c1PIS DELINEADOR<\/span><br \/>\n<span style=\"color: #999999;\">APONT\u00c1VEL &#8211; 8mm<\/span><\/h2>\n<p><img decoding=\"async\" class=\"alignnone size-full wp-image-7396\" src=\"https:\/\/cosbrasil.com.br\/website\/wp-content\/uploads\/2017\/02\/apresenta\u00e7\u00e3o-lapis1.png\" alt=\"\" width=\"548\" height=\"217\" srcset=\"https:\/\/cosbrasil.com.br\/website\/wp-content\/uploads\/2017\/02\/apresenta\u00e7\u00e3o-lapis1.png 548w, https:\/\/cosbrasil.com.br\/website\/wp-content\/uploads\/2017\/02\/apresenta\u00e7\u00e3o-lapis1-300x119.png 300w\" sizes=\"(max-width: 548px) 100vw, 548px\" \/>[\/vc_column_text][vc_column_text animation=&#8221;fadeInDown&#8221; animation_delay=&#8221;400&#8243;]<\/p>\n<h3><span style=\"color: #999999;\">L\u00e1pis apont\u00e1vel oferece precis\u00e3o e uniformidade no tra\u00e7o com f\u00f3rmulas adequadas para cada tipo de aplica\u00e7\u00e3o.<\/span><\/h3>\n<p>[\/vc_column_text]<div class=\"eut-element eut-align-left eut-animated-item eut-fadeIn\" data-delay=\"400\"><a class=\"eut-btn eut-btn-large eut-square eut-bg-primary-2 eut-btn-line\" href=\"https:\/\/cosbrasil.com.br\/website\/bloqueio\/\" target=\"_self\" style=\"\"><span>MAIS INFORMA\u00c7\u00d5ES<\/span><\/a><\/div>[\/vc_column_inner][\/vc_row_inner][vc_row_inner css=&#8221;.vc_custom_1478797648220{margin-top: 0px !important;border-top-width: 0px !important;padding-top: 0px !important;background-position: center !important;background-repeat: no-repeat !important;background-size: cover !important;}&#8221;][vc_column_inner width=&#8221;1\/2&#8243; css=&#8221;.vc_custom_1488403850239{padding-top: 10% !important;padding-right: 8% !important;padding-bottom: 10% !important;padding-left: 8% !important;background-color: #ffffff !important;}&#8221;][vc_column_text animation=&#8221;fadeInDown&#8221; animation_delay=&#8221;400&#8243;]<\/p>\n<h2><span style=\"color: #999999;\">L\u00c1PIS DELINEADOR<\/span><br \/>\n<span style=\"color: #999999;\">APONT\u00c1VEL COM ESFUMADOR &#8211; 8mm<\/span><\/h2>\n<p><img loading=\"lazy\" decoding=\"async\" class=\"alignnone size-full wp-image-7566\" src=\"https:\/\/cosbrasil.com.br\/website\/wp-content\/uploads\/2016\/09\/esdumadorretratil.png\" alt=\"\" width=\"630\" height=\"194\" srcset=\"https:\/\/cosbrasil.com.br\/website\/wp-content\/uploads\/2016\/09\/esdumadorretratil.png 630w, https:\/\/cosbrasil.com.br\/website\/wp-content\/uploads\/2016\/09\/esdumadorretratil-300x92.png 300w\" sizes=\"(max-width: 630px) 100vw, 630px\" \/>[\/vc_column_text][vc_column_text animation=&#8221;fadeInDown&#8221; animation_delay=&#8221;400&#8243;]<\/p>\n<h3><span style=\"color: #999999;\">Com sua aplica\u00e7\u00e3o precisa \u00e9 poss\u00edvel proporcionar acabamento esfumado, podendo ser utilizado na regi\u00e3o dos olhos e sobrancelhas.<\/span><\/h3>\n<p>[\/vc_column_text]<div class=\"eut-element eut-align-left eut-animated-item eut-fadeIn\" data-delay=\"400\"><a class=\"eut-btn eut-btn-large eut-square eut-bg-primary-2 eut-btn-line\" href=\"https:\/\/cosbrasil.com.br\/website\/bloqueio\/\" target=\"_self\" style=\"\"><span>MAIS INFORMA\u00c7\u00d5ES<\/span><\/a><\/div>[\/vc_column_inner][vc_column_inner width=&#8221;1\/2&#8243; css=&#8221;.vc_custom_1489407598833{padding-top: 10% !important;padding-right: 3% !important;padding-bottom: 10% !important;padding-left: 3% !important;background-image: url(https:\/\/cosbrasil.com.br\/website\/wp-content\/uploads\/2016\/09\/app-ret23.jpg?id=7561) !important;background-position: center !important;background-repeat: no-repeat !important;background-size: cover !important;}&#8221;][vc_empty_space height=&#8221;550&#8243;][\/vc_column_inner][\/vc_row_inner][vc_row_inner css=&#8221;.vc_custom_1478797648220{margin-top: 0px !important;border-top-width: 0px !important;padding-top: 0px !important;background-position: center !important;background-repeat: no-repeat !important;background-size: cover !important;}&#8221;][vc_column_inner width=&#8221;1\/2&#8243; css=&#8221;.vc_custom_1489407619201{padding-top: 10% !important;padding-right: 3% !important;padding-bottom: 10% !important;padding-left: 3% !important;background-image: url(https:\/\/cosbrasil.com.br\/website\/wp-content\/uploads\/2016\/09\/app-esf1.jpg?id=7560) !important;background-position: center !important;background-repeat: no-repeat !important;background-size: cover !important;}&#8221;][vc_empty_space height=&#8221;550&#8243;][\/vc_column_inner][vc_column_inner width=&#8221;1\/2&#8243; css=&#8221;.vc_custom_1488403785696{padding-top: 10% !important;padding-right: 8% !important;padding-bottom: 10% !important;padding-left: 8% !important;background-color: #ffffff !important;}&#8221;][vc_column_text animation=&#8221;fadeInDown&#8221; animation_delay=&#8221;400&#8243;]<\/p>\n<h2><span style=\"color: #999999;\">L\u00c1PIS APONT\u00c1VEL<\/span><br \/>\n<span style=\"color: #999999;\">12mm<\/span><\/h2>\n<p><img loading=\"lazy\" decoding=\"async\" class=\"alignnone size-full wp-image-7427\" src=\"https:\/\/cosbrasil.com.br\/website\/wp-content\/uploads\/2016\/09\/batom_app1.png\" alt=\"\" width=\"548\" height=\"217\" srcset=\"https:\/\/cosbrasil.com.br\/website\/wp-content\/uploads\/2016\/09\/batom_app1.png 548w, https:\/\/cosbrasil.com.br\/website\/wp-content\/uploads\/2016\/09\/batom_app1-300x119.png 300w\" sizes=\"(max-width: 548px) 100vw, 548px\" \/>[\/vc_column_text][vc_column_text animation=&#8221;fadeInDown&#8221; animation_delay=&#8221;400&#8243;]<\/p>\n<h3><span style=\"color: #999999;\">Sua embalagem Jumbo facilita aplica\u00e7\u00e3o nas \u00e1reas da face, l\u00e1bios, sobrancelhas e olhos.<\/span><\/h3>\n<p>[\/vc_column_text]<div class=\"eut-element eut-align-left eut-animated-item eut-fadeIn\" data-delay=\"400\"><a class=\"eut-btn eut-btn-large eut-square eut-bg-primary-2 eut-btn-line\" href=\"https:\/\/cosbrasil.com.br\/website\/bloqueio\/\" target=\"_self\" style=\"\"><span>MAIS INFORMA\u00c7\u00d5ES<\/span><\/a><\/div>[\/vc_column_inner][\/vc_row_inner][\/vc_column][\/vc_row][vc_row section_type=&#8221;fullwidth-element&#8221; flex_height=&#8221;yes&#8221; footer_feature=&#8221;yes&#8221; padding_top=&#8221;0&#8243; padding_bottom=&#8221;0&#8243;][vc_column css=&#8221;.vc_custom_1488455790747{padding-top: 5% !important;padding-bottom: 4% !important;}&#8221;]\t\t\t<div class=\"eut-element eut-social eut-align-center eut-animated-item eut-fadeInUp\" style=\"\" data-delay=\"200\">\r\n\t\t\t\t<ul>\r\n\r\n\t\t\t\t\t\t\t\t\t\t<li><a href=\"https:\/\/cosbrasil.com.br\/website\/linha-produtos\/\" title=\"Linha de Produtos\" class=\"eut-large eut-square eut-outline eut-bg-primary-2 eut-social-share-facebook\"><i class=\"fa fa-facebook\"><\/i><\/a><\/li>\r\n\t\t\t\t\t\t\t\t\t\t\t\t\t\t\t\t\t\t\t\t<li><a href=\"https:\/\/cosbrasil.com.br\/website\/linha-produtos\/\" title=\"Linha de Produtos\" class=\"eut-large eut-square eut-outline eut-bg-primary-2 eut-social-share-linkedin\"><i class=\"fa fa-linkedin\"><\/i><\/a><\/li>\r\n\t\t\t\t\t\t\t\t\t\t\r\n\t\t\t\t\t\t\t\t\t\t<li><a href=\"#\" class=\"eut-large eut-square eut-outline eut-bg-primary-2 eut-like-counter-link\" data-post-id=\"6311\"><i class=\"fa fa-heart\"><\/i><span class=\"eut-like-counter\">30<\/span><\/a><\/li>\r\n\t\t\t\t\t\r\n\t\t\t\t<\/ul>\r\n\t\t\t<\/div>\r\n\t\t[\/vc_column][\/vc_row]<\/p>\n<\/div>","protected":false},"excerpt":{"rendered":"<p>[vc_row section_type=&#8221;fullwidth-element&#8221; flex_height=&#8221;yes&#8221; header_feature=&#8221;yes&#8221; padding_top=&#8221;0&#8243; padding_bottom=&#8221;0&#8243;][vc_column][vc_row_inner css=&#8221;.vc_custom_1478797648220{margin-top: 0px !important;border-top-width: 0px !important;padding-top: 0px !important;background-position: center !important;background-repeat: no-repeat !important;background-size: cover !important;}&#8221;][vc_column_inner width=&#8221;1\/2&#8243; css=&#8221;.vc_custom_1489406579842{padding-top: 10% !important;padding-right: 3% !important;padding-bottom: 10% !important;padding-left: 3% !important;background-image: url(https:\/\/cosbrasil.com.br\/website\/wp-content\/uploads\/2016\/09\/app-ret.jpg?id=7558) !important;background-position: center !important;background-repeat: no-repeat !important;background-size: cover !important;}&#8221;][vc_empty_space height=&#8221;550&#8243;][\/vc_column_inner][vc_column_inner width=&#8221;1\/2&#8243; css=&#8221;.vc_custom_1488402096950{padding-top: 10% !important;padding-right: 8% !important;padding-bottom: 10% !important;padding-left: 8% !important;background-color: #ffffff !important;}&#8221;][vc_column_text animation=&#8221;fadeInDown&#8221; animation_delay=&#8221;400&#8243;] L\u00c1PIS DELINEADOR RETR\u00c1TIL [&hellip;]<\/p>\n","protected":false},"author":1,"featured_media":0,"parent":0,"menu_order":0,"comment_status":"closed","ping_status":"closed","template":"","meta":{"footnotes":""},"_links":{"self":[{"href":"https:\/\/cosbrasil.com.br\/website\/wp-json\/wp\/v2\/pages\/6311"}],"collection":[{"href":"https:\/\/cosbrasil.com.br\/website\/wp-json\/wp\/v2\/pages"}],"about":[{"href":"https:\/\/cosbrasil.com.br\/website\/wp-json\/wp\/v2\/types\/page"}],"author":[{"embeddable":true,"href":"https:\/\/cosbrasil.com.br\/website\/wp-json\/wp\/v2\/users\/1"}],"replies":[{"embeddable":true,"href":"https:\/\/cosbrasil.com.br\/website\/wp-json\/wp\/v2\/comments?post=6311"}],"version-history":[{"count":27,"href":"https:\/\/cosbrasil.com.br\/website\/wp-json\/wp\/v2\/pages\/6311\/revisions"}],"predecessor-version":[{"id":7730,"href":"https:\/\/cosbrasil.com.br\/website\/wp-json\/wp\/v2\/pages\/6311\/revisions\/7730"}],"wp:attachment":[{"href":"https:\/\/cosbrasil.com.br\/website\/wp-json\/wp\/v2\/media?parent=6311"}],"curies":[{"name":"wp","href":"https:\/\/api.w.org\/{rel}","templated":true}]}}